{"id":1245,"date":"2021-01-17T16:23:20","date_gmt":"2021-01-17T15:23:20","guid":{"rendered":"http:\/\/www.diap7.fr\/wordpress\/?page_id=1245"},"modified":"2024-01-15T10:07:02","modified_gmt":"2024-01-15T09:07:02","slug":"escapades","status":"publish","type":"page","link":"https:\/\/www.diap7.fr\/wordpress\/escapades\/","title":{"rendered":"Escapades de juin \u00e0 octobre 2023"},"content":{"rendered":"\n<p class=\" eplus-wrapper\"><\/p>\n\n\n\n<div class=\"alignfull wp-block-ugb-feature-grid ugb-feature-grid ugb-b442712 ugb-feature-grid--v2 ugb-feature-grid--columns-3 ugb-feature-grid--design-plain ugb-main-block\"><style>.ugb-b442712 .ugb-img{border-radius:20px}.ugb-b442712 .ugb-img,.ugb-b442712 .ugb-feature-grid__image{margin-left:auto !important;margin-right:auto !important}.ugb-b442712 .ugb-feature-grid__title{color:var(--stk-global-color-57259,#b52222);text-align:center;margin-bottom:-1px !important}.ugb-b442712 .ugb-feature-grid__description{color:var(--stk-global-color-59113,#000080);font-size:16px !important;text-align:center}.ugb-b442712 .ugb-button .ugb-button--inner{font-family:\"Lato\",Sans-serif !important}.ugb-b442712 .ugb-button{background-color:#8fe2bb;padding-top:8px;padding-bottom:8px;border-radius:59px !important}.ugb-b442712 .ugb-button .ugb-button--inner,.ugb-b442712 .ugb-button svg:not(.ugb-custom-icon){color:#222222 !important}.ugb-b442712 .ugb-button:before{border-radius:59px !important}.ugb-b442712 .ugb-button-container{text-align:center !important;margin-bottom:13px !important}.ugb-b442712 .ugb-feature-grid__image{margin-bottom:9px !important}.ugb-b442712 .ugb-inner-block{text-align:center}.ugb-b442712.ugb-feature-grid{opacity:1 !important}@media screen and (min-width:768px){.ugb-b442712.ugb-feature-grid{margin-top:21px !important;padding-right:35px !important;padding-left:35px !important}}@media screen and (min-width:768px){.ugb-b442712 > .ugb-inner-block > .ugb-block-content > *{padding-top:0px !important;padding-bottom:0px !important;padding-right:0px !important;padding-left:0px !important}}<\/style><div class=\"ugb-inner-block\"><div class=\"ugb-block-content\"><div class=\"ugb-feature-grid__item ugb-feature-grid__item1\"><div class=\"ugb-feature-grid__image\"><img loading=\"lazy\" decoding=\"async\" width=\"1152\" height=\"864\" class=\"ugb-img wp-image-2804\" src=\"https:\/\/www.diap7.fr\/wordpress\/wp-content\/uploads\/bretagne\/bretagne0.jpg\" alt=\"SAINT CAST LE GUILDO\" title=\"\" srcset=\"https:\/\/www.diap7.fr\/wordpress\/wp-content\/uploads\/bretagne\/bretagne0.jpg 1152w, https:\/\/www.diap7.fr\/wordpress\/wp-content\/uploads\/bretagne\/bretagne0-300x225.jpg 300w, https:\/\/www.diap7.fr\/wordpress\/wp-content\/uploads\/bretagne\/bretagne0-1024x768.jpg 1024w, https:\/\/www.diap7.fr\/wordpress\/wp-content\/uploads\/bretagne\/bretagne0-768x576.jpg 768w\" sizes=\"auto, (max-width: 1152px) 100vw, 1152px\" \/><\/div><div class=\"ugb-feature-grid__content\"><h3 class=\"ugb-feature-grid__title\"><span style=\"color: var(--stk-global-color-57259, #b52222);\" class=\"ugb-highlight\">SAINT CAST LE GUILDO<\/span><\/h3><p class=\"ugb-feature-grid__description\"><span style=\"color: #000080;\" class=\"stk-highlight\">se situe au Nord-Est du d\u00e9partement des C\u00f4tes d&rsquo;Armor, sur une magnifique presqu&rsquo;ile.<\/span><\/p><div class=\"ugb-button-container\"><a class=\"ugb-button ugb-button--size-medium\" href=\"\/wordpress\/?page_id=2827\" target=\"_blank\" rel=\"noopener noreferrer\" title=\"\"><span class=\"ugb-button--inner\">lire la suite<\/span><\/a><\/div><\/div><\/div><div class=\"ugb-feature-grid__item ugb-feature-grid__item2\"><div class=\"ugb-feature-grid__image\"><img decoding=\"async\" class=\"ugb-img wp-image-2951\" src=\"https:\/\/www.diap7.fr\/wordpress\/wp-content\/uploads\/2024\/01\/IMGP4302-e1704473055873.jpg\" alt=\"ESQUELBECQ\" title=\"\"\/><\/div><div class=\"ugb-feature-grid__content\"><h3 class=\"ugb-feature-grid__title\"><span style=\"color: var(--stk-global-color-57259, #b52222);\" class=\"ugb-highlight\"><span style=\"color: var(--stk-global-color-57259, #b52222);\" class=\"ugb-highlight\">ESQUELBECQ<\/span><\/span><\/h3><p class=\"ugb-feature-grid__description\">Village pr\u00e9f\u00e9r\u00e9 des Fran\u00e7ais en 2023<\/p><div class=\"ugb-button-container\"><a class=\"ugb-button ugb-button--size-medium\" href=\"\/wordpress\/?page_id=2934\" rel=\"\" title=\"\"><span class=\"ugb-button--inner\">Lire la suite<\/span><\/a><\/div><\/div><\/div><div class=\"ugb-feature-grid__item ugb-feature-grid__item3\"><div class=\"ugb-feature-grid__image\"><img loading=\"lazy\" decoding=\"async\" width=\"1299\" height=\"864\" class=\"ugb-img wp-image-2903\" src=\"https:\/\/www.diap7.fr\/wordpress\/wp-content\/uploads\/boulogne\/IMGP4355.jpg\" alt=\"BOULOGNE\" title=\"\" srcset=\"https:\/\/www.diap7.fr\/wordpress\/wp-content\/uploads\/boulogne\/IMGP4355.jpg 1299w, https:\/\/www.diap7.fr\/wordpress\/wp-content\/uploads\/boulogne\/IMGP4355-300x200.jpg 300w, https:\/\/www.diap7.fr\/wordpress\/wp-content\/uploads\/boulogne\/IMGP4355-1024x681.jpg 1024w, https:\/\/www.diap7.fr\/wordpress\/wp-content\/uploads\/boulogne\/IMGP4355-768x511.jpg 768w, https:\/\/www.diap7.fr\/wordpress\/wp-content\/uploads\/boulogne\/IMGP4355-360x240.jpg 360w\" sizes=\"auto, (max-width: 1299px) 100vw, 1299px\" \/><\/div><div class=\"ugb-feature-grid__content\"><h3 class=\"ugb-feature-grid__title\">BOULOGNE SUR MER<\/h3><p class=\"ugb-feature-grid__description\"><span style=\"color: var(--stk-global-color-59113, #000080);\" class=\"ugb-highlight\">Le Street Art<\/span> <br>un mus\u00e9e en plein air<\/p><div class=\"ugb-button-container\"><a class=\"ugb-button ugb-button--size-medium\" href=\"\/wordpress\/?page_id=2915\" rel=\"\" title=\"\"><span class=\"ugb-button--inner\">Lire la suite<\/span><\/a><\/div><\/div><\/div><\/div><\/div><\/div>\n\n\n\n<div class=\"wp-block-stackable-divider stk-block-divider stk-block stk-a1f2c6d\" data-block-id=\"a1f2c6d\"><style>.stk-a1f2c6d{margin-bottom:18px !important}<\/style><hr class=\"stk-block-divider__hr\"\/><\/div>\n\n\n\n<p class=\" has-text-align-center eplus-wrapper\">Les escapades des ann\u00e9es pr\u00e9c\u00e9dentes<\/p>\n\n\n\n<div class=\"alignfull wp-block-ugb-feature-grid ugb-feature-grid ugb-ddf58ad ugb-feature-grid--v2 ugb-feature-grid--columns-3 ugb-feature-grid--design-basic ugb-main-block\"><style>.ugb-ddf58ad .ugb-feature-grid__item{border-radius:0px !important}.ugb-ddf58ad .ugb-img,.ugb-ddf58ad .ugb-feature-grid__image{margin-left:auto !important;margin-right:auto !important}.ugb-ddf58ad .ugb-feature-grid__title{color:var(--stk-global-color-57259,#b52222);text-align:center;margin-bottom:0px !important}.ugb-ddf58ad .ugb-feature-grid__description{color:var(--stk-global-color-59113,#000080);font-size:16px !important;text-align:center}.ugb-ddf58ad .ugb-button .ugb-button--inner{font-family:\"Lato\",Sans-serif !important}.ugb-ddf58ad .ugb-button{background-color:#8fe2bb;padding-top:8px;padding-bottom:8px;border-radius:59px !important}.ugb-ddf58ad .ugb-button .ugb-button--inner,.ugb-ddf58ad .ugb-button svg:not(.ugb-custom-icon){color:#222222 !important}.ugb-ddf58ad .ugb-button:before{border-radius:59px !important}.ugb-ddf58ad .ugb-button-container{text-align:center !important;margin-bottom:13px !important}.ugb-ddf58ad .ugb-inner-block{text-align:center}.ugb-ddf58ad.ugb-feature-grid{opacity:1 !important}@media screen and (min-width:768px){.ugb-ddf58ad.ugb-feature-grid{margin-top:21px !important;padding-right:35px !important;padding-left:35px !important}}@media screen and (min-width:768px){.ugb-ddf58ad > .ugb-inner-block > .ugb-block-content > *{padding-top:0px !important;padding-bottom:0px !important;padding-right:0px !important;padding-left:0px !important}}<\/style><div class=\"ugb-inner-block\"><div class=\"ugb-block-content\"><div class=\"ugb-feature-grid__item ugb-feature-grid__item1 ugb--shadow-2\"><div class=\"ugb-feature-grid__image\"><img loading=\"lazy\" decoding=\"async\" width=\"1024\" height=\"681\" class=\"ugb-img wp-image-35\" src=\"https:\/\/www.diap7.fr\/wordpress\/wp-content\/uploads\/passion-photo\/IM1-1024x681.jpg\" alt=\"La baie d'Authie\" title=\"\"\/><\/div><div class=\"ugb-feature-grid__content\"><h3 class=\"ugb-feature-grid__title\"><span style=\"color: var(--stk-global-color-57259, #b52222);\" class=\"ugb-highlight\">La baie d&rsquo;Authie<\/span><\/h3><p class=\"ugb-feature-grid__description\"><span style=\"color: var(--stk-global-color-59113, #000080);\" class=\"ugb-highlight\">La Baie d&rsquo;Authie est une baie situ\u00e9e \u00e0 cheval entre les d\u00e9partements du Pas-de-Calais et de la Somme<\/span><\/p><div class=\"ugb-button-container\"><a class=\"ugb-button ugb-button--size-medium\" href=\"https:\/\/www.diap7.fr\/wordpress\/?page_id=711\" rel=\"\" title=\"\"><span class=\"ugb-button--inner\">lire la suite<\/span><\/a><\/div><\/div><\/div><div class=\"ugb-feature-grid__item ugb-feature-grid__item2 ugb--shadow-2\"><div class=\"ugb-feature-grid__image\"><img loading=\"lazy\" decoding=\"async\" width=\"1024\" height=\"681\" class=\"ugb-img wp-image-1267\" src=\"https:\/\/www.diap7.fr\/wordpress\/wp-content\/uploads\/escapade\/Sous-bois-1024x681.jpg\" alt=\"LAJOUX\" title=\"\"\/><\/div><div class=\"ugb-feature-grid__content\"><h3 class=\"ugb-feature-grid__title\"><span style=\"color: var(--stk-global-color-57259, #b52222);\" class=\"ugb-highlight\">LAJOUX<\/span><\/h3><p class=\"ugb-feature-grid__description\"><span style=\"color: var(--stk-global-color-59113, #000080);\" class=\"ugb-highlight\">LAJOUX est un hameau de la commune <br>de Thollon les M\u00e9mises<\/span><\/p><div class=\"ugb-button-container\"><a class=\"ugb-button ugb-button--size-medium\" href=\"https:\/\/www.diap7.fr\/wordpress\/?page_id=1251\" rel=\"\" title=\"\"><span class=\"ugb-button--inner\">Lire la suite<\/span><\/a><\/div><\/div><\/div><div class=\"ugb-feature-grid__item ugb-feature-grid__item3 ugb--shadow-2\"><div class=\"ugb-feature-grid__image\"><img loading=\"lazy\" decoding=\"async\" width=\"1024\" height=\"678\" class=\"ugb-img wp-image-833\" src=\"https:\/\/www.diap7.fr\/wordpress\/wp-content\/uploads\/passion-photo\/cropped-source_bleue3-1024x678.jpg\" alt=\"Le lac de Saint Point\" title=\"\"\/><\/div><div class=\"ugb-feature-grid__content\"><h3 class=\"ugb-feature-grid__title\"><span style=\"color: var(--stk-global-color-57259, #b52222);\" class=\"ugb-highlight\">Le lac de Saint Point<\/span><\/h3><p class=\"ugb-feature-grid__description\"><span style=\"color: var(--stk-global-color-59113, #000080);\" class=\"ugb-highlight\">Partez \u00e0 la d\u00e9couverte&nbsp;du lac&nbsp;de&nbsp;Saint-Point, l&rsquo;un des plus grands&nbsp;lacs&nbsp;naturels de France<\/span><\/p><div class=\"ugb-button-container\"><a class=\"ugb-button ugb-button--size-medium\" href=\"https:\/\/www.diap7.fr\/wordpress\/escapades\/le-lac-saint-point\/\" rel=\"\" title=\"\"><span class=\"ugb-button--inner\">Lire la suite<\/span><\/a><\/div><\/div><\/div><\/div><\/div><\/div>\n","protected":false},"excerpt":{"rendered":"<p>SAINT CAST LE GUILDO se situe au Nord-Est du d\u00e9partement des C\u00f4tes d&rsquo;Armor, sur une magnifique presqu&rsquo;ile. lire la suite ESQUELBECQ Village pr\u00e9f\u00e9r\u00e9 des Fran\u00e7ais en 2023 Lire la suite BOULOGNE SUR MER Le Street Art un mus\u00e9e en plein air Lire la suite Les escapades des ann\u00e9es pr\u00e9c\u00e9dentes La [&hellip;]<\/p>\n","protected":false},"author":1,"featured_media":1239,"parent":0,"menu_order":8,"comment_status":"closed","ping_status":"closed","template":"page-templates\/template-fullwidth.php","meta":{"_coblocks_attr":"","_coblocks_dimensions":"","_coblocks_responsive_height":"","_coblocks_accordion_ie_support":"","editor_plus_copied_stylings":"{}","_themeisle_gutenberg_block_has_review":false,"footnotes":""},"class_list":["post-1245","page","type-page","status-publish","has-post-thumbnail","hentry"],"featured_image_urls_v2":{"full":["https:\/\/www.diap7.fr\/wordpress\/wp-content\/uploads\/entete\/entete_lajoux.jpg",1920,450,false],"thumbnail":["https:\/\/www.diap7.fr\/wordpress\/wp-content\/uploads\/entete\/entete_lajoux-150x150.jpg",150,150,true],"medium":["https:\/\/www.diap7.fr\/wordpress\/wp-content\/uploads\/entete\/entete_lajoux-300x70.jpg",300,70,true],"medium_large":["https:\/\/www.diap7.fr\/wordpress\/wp-content\/uploads\/entete\/entete_lajoux-768x180.jpg",750,176,true],"large":["https:\/\/www.diap7.fr\/wordpress\/wp-content\/uploads\/entete\/entete_lajoux-1024x240.jpg",750,176,true],"1536x1536":["https:\/\/www.diap7.fr\/wordpress\/wp-content\/uploads\/entete\/entete_lajoux-1536x360.jpg",1536,360,true],"2048x2048":["https:\/\/www.diap7.fr\/wordpress\/wp-content\/uploads\/entete\/entete_lajoux.jpg",1920,450,false],"hestia-blog":["https:\/\/www.diap7.fr\/wordpress\/wp-content\/uploads\/entete\/entete_lajoux-360x240.jpg",360,240,true]},"post_excerpt_stackable_v2":"<p>SAINT CAST LE GUILDOse situe au Nord-Est du d\u00e9partement des C\u00f4tes d&rsquo;Armor, sur une magnifique presqu&rsquo;ile.lire la suiteESQUELBECQVillage pr\u00e9f\u00e9r\u00e9 des Fran\u00e7ais en 2023Lire la suiteBOULOGNE SUR MERLe Street Art un mus\u00e9e en plein airLire la suite Les escapades des ann\u00e9es pr\u00e9c\u00e9dentes La baie d&rsquo;AuthieLa Baie d&rsquo;Authie est une baie situ\u00e9e \u00e0 cheval entre les d\u00e9partements du Pas-de-Calais et de la Sommelire la suiteLAJOUXLAJOUX est un hameau de la commune de Thollon les M\u00e9misesLire la suiteLe lac de Saint PointPartez \u00e0 la d\u00e9couverte&nbsp;du lac&nbsp;de&nbsp;Saint-Point, l&rsquo;un des plus grands&nbsp;lacs&nbsp;naturels de FranceLire la suite<\/p>\n","category_list_v2":"","author_info_v2":{"name":"Georges7","url":"https:\/\/www.diap7.fr\/wordpress\/author\/georges7\/"},"comments_num_v2":"0 commentaire","featured_image_src":"https:\/\/www.diap7.fr\/wordpress\/wp-content\/uploads\/entete\/entete_lajoux.jpg","_links":{"self":[{"href":"https:\/\/www.diap7.fr\/wordpress\/wp-json\/wp\/v2\/pages\/1245","targetHints":{"allow":["GET"]}}],"collection":[{"href":"https:\/\/www.diap7.fr\/wordpress\/wp-json\/wp\/v2\/pages"}],"about":[{"href":"https:\/\/www.diap7.fr\/wordpress\/wp-json\/wp\/v2\/types\/page"}],"author":[{"embeddable":true,"href":"https:\/\/www.diap7.fr\/wordpress\/wp-json\/wp\/v2\/users\/1"}],"replies":[{"embeddable":true,"href":"https:\/\/www.diap7.fr\/wordpress\/wp-json\/wp\/v2\/comments?post=1245"}],"version-history":[{"count":0,"href":"https:\/\/www.diap7.fr\/wordpress\/wp-json\/wp\/v2\/pages\/1245\/revisions"}],"wp:featuredmedia":[{"embeddable":true,"href":"https:\/\/www.diap7.fr\/wordpress\/wp-json\/wp\/v2\/media\/1239"}],"wp:attachment":[{"href":"https:\/\/www.diap7.fr\/wordpress\/wp-json\/wp\/v2\/media?parent=1245"}],"curies":[{"name":"wp","href":"https:\/\/api.w.org\/{rel}","templated":true}]}}