{"id":24,"date":"2020-11-07T10:50:29","date_gmt":"2020-11-07T09:50:29","guid":{"rendered":"http:\/\/www.diap7.fr\/wordpress\/?page_id=24"},"modified":"2023-12-18T08:40:24","modified_gmt":"2023-12-18T07:40:24","slug":"helios-au-rendez-vous-des-photographes","status":"publish","type":"page","link":"https:\/\/www.diap7.fr\/wordpress\/passion-photo\/helios-au-rendez-vous-des-photographes\/","title":{"rendered":"H\u00e9lios au rendez vous des photographes"},"content":{"rendered":"\n<h2 class=\"eplus-yPg0ig wp-block-heading eplus-wrapper\">Photographier en plein soleil<\/h2>\n\n\n<p class=\"eplus-nGmWHA eplus-wrapper eplus-styles-uid-24b8d8\">\u00ab\u00a0Pour beaucoup de photographes d\u00e9butants, le plein soleil, c\u2019est le temps id\u00e9al pour photographier. Apr\u00e8s tout, il fait beau, il y a plein de lumi\u00e8re, tout \u00e7a.<br>Sauf qu\u2019on s\u2019en rend bien vite compte\u00a0: un grand et\u00a0<strong>beau soleil<\/strong>\u00a0signifie des ombres dures, des hautes lumi\u00e8res souvent surexpos\u00e9es, un contraste trop important, des couleurs un peu d\u00e9lav\u00e9es, et d\u2019une mani\u00e8re g\u00e9n\u00e9rale des\u00a0<strong>images peu flatteuses<\/strong>. Sauf que parfois, on est bien oblig\u00e9 de photographier dans ces conditions. Voyons donc comment s\u2019en sortir.<br><br><a href=\"https:\/\/apprendre-la-photo.fr\/photographier-en-plein-soleil\/\" target=\"_blank\" rel=\"noreferrer noopener\">https:\/\/apprendre-la-photo.fr\/photographier-en-plein-soleil\/<\/a><\/p>\n\n\n<p class=\"titre-bleu rouge eplus-r8Bu12 eplus-wrapper\"><\/p>\n\n\n\n<h2 class=\"eplus-RXszeK wp-block-heading eplus-wrapper\">Inclure le soleil dans ses photos<\/h2>\n\n\n<p class=\"eplus-H8LPAL eplus-wrapper eplus-styles-uid-24b8d8\">\u00ab\u00a0Une solution pour obtenir de beaux soleils en \u00e9toile consiste \u00e0\u00a0sous-exposer volontairement son image. Cela consiste \u00e0\u00a0dire \u00e0\u00a0l\u2019appareil \u00ab\u00a0je veux ce r\u00e9glage, mais je veux que mon image soit globalement plus sombre qu\u2019avec l\u2019exposition normale\u00a0\u00bb. Sur mon 5DII, il me suffit de tourner la deuxi\u00e8me molette (celle de la face arri\u00e8re du boitier), sur d\u2019autres appareils il faudra maintenir un bouton enfonc\u00e9 en tournant l\u2019unique molette. N\u2019allez pas trop loin dans la sous-exposition, le but n\u2019est pas d\u2019avoir une image sombre, mais de compenser un peu l\u2019exc\u00e8s de luminosit\u00e9 qui g\u00e2che un peu le ciel&#8230;\u00a0\u00bb<br><br><a href=\"https:\/\/www.madame-oreille.com\/inclure-le-soleil-dans-ses-photos-et-comprendre-la-mesure-dexposition\/\" target=\"_blank\" rel=\"noreferrer noopener\">https:\/\/www.madame-oreille.com\/inclure-le-soleil-dans-ses-photos-et-comprendre-la-mesure-dexposition\/<\/a><\/p>\n\n\n<h2 class=\"eplus-s2zRgS wp-block-heading eplus-wrapper\">Le coucher du soleil<\/h2>\n\n\n\n<div class=\"eplus-ItAnXJ wp-block-media-text is-stacked-on-mobile eplus-wrapper\"><figure class=\"wp-block-media-text__media\"><img loading=\"lazy\" decoding=\"async\" width=\"1000\" height=\"563\" src=\"https:\/\/www.diap7.fr\/wordpress\/wp-content\/uploads\/passion-photo\/photographie-coucher-de-soleil.jpg\" alt=\"\" class=\"wp-image-25 size-full\" srcset=\"https:\/\/www.diap7.fr\/wordpress\/wp-content\/uploads\/passion-photo\/photographie-coucher-de-soleil.jpg 1000w, https:\/\/www.diap7.fr\/wordpress\/wp-content\/uploads\/passion-photo\/photographie-coucher-de-soleil-300x169.jpg 300w, https:\/\/www.diap7.fr\/wordpress\/wp-content\/uploads\/passion-photo\/photographie-coucher-de-soleil-768x432.jpg 768w\" sizes=\"auto, (max-width: 1000px) 100vw, 1000px\" \/><\/figure><div class=\"wp-block-media-text__content\"><p class=\"eplus-XBWVcx eplus-wrapper eplus-styles-uid-24b8d8\">\u00ab\u00a0Une fois que l\u2019on connait le site o\u00f9 l\u2019on va venir photographier son coucher de soleil, ce qu\u2019il ne faut surtout pas oublier c\u2019est de venir \u00e0 l\u2019avance. Si je devais vous parler de mon exp\u00e9rience r\u00e9cente lorsque j\u2019\u00e9tais aux \u00c9tats-Unis durant mon road-trip, j\u2019appliquais la m\u00eame logique pour aller prendre des photos de lever de soleil dans le magnifique parc national de Grand Teton.<br><a rel=\"noreferrer noopener\" href=\"https:\/\/lesdeuxpiedsdehors.com\/photo-de-coucher-de-soleil\/\" target=\"_blank\">https:\/\/lesdeuxpiedsdehors.com\/photo-de-coucher-de-soleil\/<\/a><\/p><\/div><\/div>\n\n\n\n<p class=\"eplus-whzNTQ eplus-wrapper\"><\/p>\n\n\n\n<div style=\"height:68px\" aria-hidden=\"true\" class=\"eplus-bkseno wp-block-spacer eplus-wrapper\"><\/div>\n\n\n\n<h2 class=\"eplus-SWGvnZ wp-block-heading eplus-wrapper\">La c\u00f4te picarde : une balade en baie d&rsquo;Authie o\u00f9 le soleil est aussi au rendez vous !<\/h2>\n\n\n\n<figure class=\"eplus-qwUqN8 wp-block-gallery has-nested-images columns-default is-cropped has-lightbox eplus-wrapper wp-block-gallery-1 is-layout-flex wp-block-gallery-is-layout-flex\">\n<figure class=\"wp-block-image size-large eplus-wrapper\"><img loading=\"lazy\" decoding=\"async\" width=\"1024\" height=\"681\" data-id=\"35\" src=\"https:\/\/www.diap7.fr\/wordpress\/wp-content\/uploads\/passion-photo\/IM1-1024x681.jpg\" alt=\"\" class=\"wp-image-35\"\/><figcaption class=\"wp-element-caption\">Les chevaux Henson<\/figcaption><\/figure>\n\n\n\n<figure class=\"wp-block-image size-large eplus-wrapper\"><img loading=\"lazy\" decoding=\"async\" width=\"1024\" height=\"681\" data-id=\"36\" src=\"https:\/\/www.diap7.fr\/wordpress\/wp-content\/uploads\/passion-photo\/IM2-1024x681.jpg\" alt=\"\" class=\"wp-image-36\" srcset=\"https:\/\/www.diap7.fr\/wordpress\/wp-content\/uploads\/passion-photo\/IM2-1024x681.jpg 1024w, https:\/\/www.diap7.fr\/wordpress\/wp-content\/uploads\/passion-photo\/IM2-300x199.jpg 300w, https:\/\/www.diap7.fr\/wordpress\/wp-content\/uploads\/passion-photo\/IM2-768x510.jpg 768w, https:\/\/www.diap7.fr\/wordpress\/wp-content\/uploads\/passion-photo\/IM2-360x240.jpg 360w, https:\/\/www.diap7.fr\/wordpress\/wp-content\/uploads\/passion-photo\/IM2.jpg 1354w\" sizes=\"auto, (max-width: 1024px) 100vw, 1024px\" \/><\/figure>\n\n\n\n<figure class=\"wp-block-image size-large eplus-wrapper\"><img loading=\"lazy\" decoding=\"async\" width=\"1024\" height=\"681\" data-id=\"37\" src=\"https:\/\/www.diap7.fr\/wordpress\/wp-content\/uploads\/passion-photo\/IM3-1024x681.jpg\" alt=\"\" class=\"wp-image-37\" srcset=\"https:\/\/www.diap7.fr\/wordpress\/wp-content\/uploads\/passion-photo\/IM3-1024x681.jpg 1024w, https:\/\/www.diap7.fr\/wordpress\/wp-content\/uploads\/passion-photo\/IM3-300x199.jpg 300w, https:\/\/www.diap7.fr\/wordpress\/wp-content\/uploads\/passion-photo\/IM3-768x510.jpg 768w, https:\/\/www.diap7.fr\/wordpress\/wp-content\/uploads\/passion-photo\/IM3-360x240.jpg 360w, https:\/\/www.diap7.fr\/wordpress\/wp-content\/uploads\/passion-photo\/IM3.jpg 1354w\" sizes=\"auto, (max-width: 1024px) 100vw, 1024px\" \/><\/figure>\n\n\n\n<figure class=\"wp-block-image size-large eplus-wrapper\"><img loading=\"lazy\" decoding=\"async\" width=\"1024\" height=\"681\" data-id=\"38\" src=\"https:\/\/www.diap7.fr\/wordpress\/wp-content\/uploads\/passion-photo\/IM4-1024x681.jpg\" alt=\"\" class=\"wp-image-38\" srcset=\"https:\/\/www.diap7.fr\/wordpress\/wp-content\/uploads\/passion-photo\/IM4-1024x681.jpg 1024w, https:\/\/www.diap7.fr\/wordpress\/wp-content\/uploads\/passion-photo\/IM4-300x199.jpg 300w, https:\/\/www.diap7.fr\/wordpress\/wp-content\/uploads\/passion-photo\/IM4-768x510.jpg 768w, https:\/\/www.diap7.fr\/wordpress\/wp-content\/uploads\/passion-photo\/IM4-360x240.jpg 360w, https:\/\/www.diap7.fr\/wordpress\/wp-content\/uploads\/passion-photo\/IM4.jpg 1354w\" sizes=\"auto, (max-width: 1024px) 100vw, 1024px\" \/><\/figure>\n\n\n\n<figure class=\"wp-block-image size-large eplus-wrapper\"><img loading=\"lazy\" decoding=\"async\" width=\"1024\" height=\"681\" data-id=\"39\" src=\"https:\/\/www.diap7.fr\/wordpress\/wp-content\/uploads\/passion-photo\/IM5-1024x681.jpg\" alt=\"\" class=\"wp-image-39\" srcset=\"https:\/\/www.diap7.fr\/wordpress\/wp-content\/uploads\/passion-photo\/IM5-1024x681.jpg 1024w, https:\/\/www.diap7.fr\/wordpress\/wp-content\/uploads\/passion-photo\/IM5-300x199.jpg 300w, https:\/\/www.diap7.fr\/wordpress\/wp-content\/uploads\/passion-photo\/IM5-768x510.jpg 768w, https:\/\/www.diap7.fr\/wordpress\/wp-content\/uploads\/passion-photo\/IM5-360x240.jpg 360w, https:\/\/www.diap7.fr\/wordpress\/wp-content\/uploads\/passion-photo\/IM5.jpg 1354w\" sizes=\"auto, (max-width: 1024px) 100vw, 1024px\" \/><\/figure>\n\n\n\n<figure class=\"wp-block-image size-large eplus-wrapper\"><img loading=\"lazy\" decoding=\"async\" width=\"1024\" height=\"681\" data-id=\"40\" src=\"https:\/\/www.diap7.fr\/wordpress\/wp-content\/uploads\/passion-photo\/IM6-1024x681.jpg\" alt=\"\" class=\"wp-image-40\" srcset=\"https:\/\/www.diap7.fr\/wordpress\/wp-content\/uploads\/passion-photo\/IM6-1024x681.jpg 1024w, https:\/\/www.diap7.fr\/wordpress\/wp-content\/uploads\/passion-photo\/IM6-300x199.jpg 300w, https:\/\/www.diap7.fr\/wordpress\/wp-content\/uploads\/passion-photo\/IM6-768x510.jpg 768w, https:\/\/www.diap7.fr\/wordpress\/wp-content\/uploads\/passion-photo\/IM6-360x240.jpg 360w, https:\/\/www.diap7.fr\/wordpress\/wp-content\/uploads\/passion-photo\/IM6.jpg 1354w\" sizes=\"auto, (max-width: 1024px) 100vw, 1024px\" \/><\/figure>\n\n\n\n<figure class=\"wp-block-image size-large eplus-wrapper\"><img loading=\"lazy\" decoding=\"async\" width=\"1024\" height=\"681\" data-id=\"41\" src=\"https:\/\/www.diap7.fr\/wordpress\/wp-content\/uploads\/passion-photo\/IM7-1024x681.jpg\" alt=\"\" class=\"wp-image-41\" srcset=\"https:\/\/www.diap7.fr\/wordpress\/wp-content\/uploads\/passion-photo\/IM7-1024x681.jpg 1024w, https:\/\/www.diap7.fr\/wordpress\/wp-content\/uploads\/passion-photo\/IM7-300x199.jpg 300w, https:\/\/www.diap7.fr\/wordpress\/wp-content\/uploads\/passion-photo\/IM7-768x510.jpg 768w, https:\/\/www.diap7.fr\/wordpress\/wp-content\/uploads\/passion-photo\/IM7-360x240.jpg 360w, https:\/\/www.diap7.fr\/wordpress\/wp-content\/uploads\/passion-photo\/IM7.jpg 1354w\" sizes=\"auto, (max-width: 1024px) 100vw, 1024px\" \/><\/figure>\n\n\n\n<figure class=\"wp-block-image size-large eplus-wrapper\"><img loading=\"lazy\" decoding=\"async\" width=\"1024\" height=\"681\" data-id=\"43\" src=\"https:\/\/www.diap7.fr\/wordpress\/wp-content\/uploads\/passion-photo\/IM8-1024x681.jpg\" alt=\"\" class=\"wp-image-43\" srcset=\"https:\/\/www.diap7.fr\/wordpress\/wp-content\/uploads\/passion-photo\/IM8-1024x681.jpg 1024w, https:\/\/www.diap7.fr\/wordpress\/wp-content\/uploads\/passion-photo\/IM8-300x199.jpg 300w, https:\/\/www.diap7.fr\/wordpress\/wp-content\/uploads\/passion-photo\/IM8-768x510.jpg 768w, https:\/\/www.diap7.fr\/wordpress\/wp-content\/uploads\/passion-photo\/IM8-360x240.jpg 360w, https:\/\/www.diap7.fr\/wordpress\/wp-content\/uploads\/passion-photo\/IM8.jpg 1354w\" sizes=\"auto, (max-width: 1024px) 100vw, 1024px\" \/><\/figure>\n\n\n\n<figure class=\"wp-block-image size-large eplus-wrapper\"><img loading=\"lazy\" decoding=\"async\" width=\"1024\" height=\"681\" data-id=\"44\" src=\"https:\/\/www.diap7.fr\/wordpress\/wp-content\/uploads\/passion-photo\/IM9-1024x681.jpg\" alt=\"\" class=\"wp-image-44\" srcset=\"https:\/\/www.diap7.fr\/wordpress\/wp-content\/uploads\/passion-photo\/IM9-1024x681.jpg 1024w, https:\/\/www.diap7.fr\/wordpress\/wp-content\/uploads\/passion-photo\/IM9-300x199.jpg 300w, https:\/\/www.diap7.fr\/wordpress\/wp-content\/uploads\/passion-photo\/IM9-768x510.jpg 768w, https:\/\/www.diap7.fr\/wordpress\/wp-content\/uploads\/passion-photo\/IM9-360x240.jpg 360w, https:\/\/www.diap7.fr\/wordpress\/wp-content\/uploads\/passion-photo\/IM9.jpg 1354w\" sizes=\"auto, (max-width: 1024px) 100vw, 1024px\" \/><\/figure>\n\n\n\n<figure class=\"wp-block-image size-large eplus-wrapper\"><img loading=\"lazy\" decoding=\"async\" width=\"1024\" height=\"681\" data-id=\"45\" src=\"https:\/\/www.diap7.fr\/wordpress\/wp-content\/uploads\/passion-photo\/IM10-1024x681.jpg\" alt=\"\" class=\"wp-image-45\" srcset=\"https:\/\/www.diap7.fr\/wordpress\/wp-content\/uploads\/passion-photo\/IM10-1024x681.jpg 1024w, https:\/\/www.diap7.fr\/wordpress\/wp-content\/uploads\/passion-photo\/IM10-300x199.jpg 300w, https:\/\/www.diap7.fr\/wordpress\/wp-content\/uploads\/passion-photo\/IM10-768x510.jpg 768w, https:\/\/www.diap7.fr\/wordpress\/wp-content\/uploads\/passion-photo\/IM10-360x240.jpg 360w, https:\/\/www.diap7.fr\/wordpress\/wp-content\/uploads\/passion-photo\/IM10.jpg 1354w\" sizes=\"auto, (max-width: 1024px) 100vw, 1024px\" \/><\/figure>\n\n\n\n<figure class=\"wp-block-image size-large eplus-wrapper\"><img loading=\"lazy\" decoding=\"async\" width=\"1024\" height=\"674\" data-id=\"46\" src=\"https:\/\/www.diap7.fr\/wordpress\/wp-content\/uploads\/passion-photo\/IM11-1024x674.jpg\" alt=\"\" class=\"wp-image-46\" srcset=\"https:\/\/www.diap7.fr\/wordpress\/wp-content\/uploads\/passion-photo\/IM11-1024x674.jpg 1024w, https:\/\/www.diap7.fr\/wordpress\/wp-content\/uploads\/passion-photo\/IM11-300x197.jpg 300w, https:\/\/www.diap7.fr\/wordpress\/wp-content\/uploads\/passion-photo\/IM11-768x505.jpg 768w, https:\/\/www.diap7.fr\/wordpress\/wp-content\/uploads\/passion-photo\/IM11.jpg 1368w\" sizes=\"auto, (max-width: 1024px) 100vw, 1024px\" \/><\/figure>\n<\/figure>\n\n\n\n<p class=\"eplus-2U6Xwy has-text-align-right eplus-wrapper\"><em>Cliquer sur les images pour les \u00ab\u00a0d\u00e9rouler\u00a0\u00bb \u00e0 l&rsquo;\u00e9cran<\/em><\/p>\n\n\n\n<p class=\"eplus-PLu1J8 eplus-wrapper\"><\/p>\n\n\n\n<p class=\"eplus-Bpkqzv eplus-wrapper\"><\/p>\n","protected":false},"excerpt":{"rendered":"<p>Photographier en plein soleil \u00ab\u00a0Pour beaucoup de photographes d\u00e9butants, le plein soleil, c\u2019est le temps id\u00e9al pour photographier. Apr\u00e8s tout, il fait beau, il y a plein de lumi\u00e8re, tout \u00e7a.Sauf qu\u2019on s\u2019en rend bien vite compte\u00a0: un grand et\u00a0beau soleil\u00a0signifie des ombres dures, des hautes lumi\u00e8res souvent surexpos\u00e9es, un [&hellip;]<\/p>\n","protected":false},"author":1,"featured_media":793,"parent":5,"menu_order":4,"comment_status":"closed","ping_status":"closed","template":"page-templates\/template-fullwidth.php","meta":{"_coblocks_attr":"","_coblocks_dimensions":"","_coblocks_responsive_height":"","_coblocks_accordion_ie_support":"","editor_plus_copied_stylings":"{}","_themeisle_gutenberg_block_has_review":false,"footnotes":""},"class_list":["post-24","page","type-page","status-publish","has-post-thumbnail","hentry"],"featured_image_urls_v2":{"full":["https:\/\/www.diap7.fr\/wordpress\/wp-content\/uploads\/entete\/prem1.jpg",1900,450,false],"thumbnail":["https:\/\/www.diap7.fr\/wordpress\/wp-content\/uploads\/entete\/prem1-150x150.jpg",150,150,true],"medium":["https:\/\/www.diap7.fr\/wordpress\/wp-content\/uploads\/entete\/prem1-300x71.jpg",300,71,true],"medium_large":["https:\/\/www.diap7.fr\/wordpress\/wp-content\/uploads\/entete\/prem1-768x182.jpg",750,178,true],"large":["https:\/\/www.diap7.fr\/wordpress\/wp-content\/uploads\/entete\/prem1-1024x243.jpg",750,178,true],"1536x1536":["https:\/\/www.diap7.fr\/wordpress\/wp-content\/uploads\/entete\/prem1-1536x364.jpg",1536,364,true],"2048x2048":["https:\/\/www.diap7.fr\/wordpress\/wp-content\/uploads\/entete\/prem1.jpg",1900,450,false],"hestia-blog":["https:\/\/www.diap7.fr\/wordpress\/wp-content\/uploads\/entete\/prem1-360x240.jpg",360,240,true]},"post_excerpt_stackable_v2":"<p>Photographier en plein soleil \u00ab\u00a0Pour beaucoup de photographes d\u00e9butants, le plein soleil, c\u2019est le temps id\u00e9al pour photographier. Apr\u00e8s tout, il fait beau, il y a plein de lumi\u00e8re, tout \u00e7a.Sauf qu\u2019on s\u2019en rend bien vite compte\u00a0: un grand et\u00a0beau soleil\u00a0signifie des ombres dures, des hautes lumi\u00e8res souvent surexpos\u00e9es, un contraste trop important, des couleurs un peu d\u00e9lav\u00e9es, et d\u2019une mani\u00e8re g\u00e9n\u00e9rale des\u00a0images peu flatteuses. Sauf que parfois, on est bien oblig\u00e9 de photographier dans ces conditions. Voyons donc comment s\u2019en sortir.https:\/\/apprendre-la-photo.fr\/photographier-en-plein-soleil\/ Inclure le soleil dans ses photos \u00ab\u00a0Une solution pour obtenir de beaux soleils en \u00e9toile consiste \u00e0\u00a0sous-exposer volontairement\u2026<\/p>\n","category_list_v2":"","author_info_v2":{"name":"Georges7","url":"https:\/\/www.diap7.fr\/wordpress\/author\/georges7\/"},"comments_num_v2":"0 commentaire","featured_image_src":"https:\/\/www.diap7.fr\/wordpress\/wp-content\/uploads\/entete\/prem1.jpg","_links":{"self":[{"href":"https:\/\/www.diap7.fr\/wordpress\/wp-json\/wp\/v2\/pages\/24","targetHints":{"allow":["GET"]}}],"collection":[{"href":"https:\/\/www.diap7.fr\/wordpress\/wp-json\/wp\/v2\/pages"}],"about":[{"href":"https:\/\/www.diap7.fr\/wordpress\/wp-json\/wp\/v2\/types\/page"}],"author":[{"embeddable":true,"href":"https:\/\/www.diap7.fr\/wordpress\/wp-json\/wp\/v2\/users\/1"}],"replies":[{"embeddable":true,"href":"https:\/\/www.diap7.fr\/wordpress\/wp-json\/wp\/v2\/comments?post=24"}],"version-history":[{"count":1,"href":"https:\/\/www.diap7.fr\/wordpress\/wp-json\/wp\/v2\/pages\/24\/revisions"}],"predecessor-version":[{"id":3123,"href":"https:\/\/www.diap7.fr\/wordpress\/wp-json\/wp\/v2\/pages\/24\/revisions\/3123"}],"up":[{"embeddable":true,"href":"https:\/\/www.diap7.fr\/wordpress\/wp-json\/wp\/v2\/pages\/5"}],"wp:featuredmedia":[{"embeddable":true,"href":"https:\/\/www.diap7.fr\/wordpress\/wp-json\/wp\/v2\/media\/793"}],"wp:attachment":[{"href":"https:\/\/www.diap7.fr\/wordpress\/wp-json\/wp\/v2\/media?parent=24"}],"curies":[{"name":"wp","href":"https:\/\/api.w.org\/{rel}","templated":true}]}}