{"id":2411,"date":"2021-12-18T16:42:41","date_gmt":"2021-12-18T15:42:41","guid":{"rendered":"http:\/\/www.diap7.fr\/wordpress\/?page_id=2411"},"modified":"2023-12-18T08:58:15","modified_gmt":"2023-12-18T07:58:15","slug":"la-lumiere-est-le-langage-de-la-photographie","status":"publish","type":"page","link":"https:\/\/www.diap7.fr\/wordpress\/passion-photo\/la-lumiere-est-le-langage-de-la-photographie\/","title":{"rendered":"La lumi\u00e8re est le langage de la photographie"},"content":{"rendered":"\n<div class=\"wp-block-stackable-heading stk-block-heading stk-block stk-ee6bcac\" data-block-id=\"ee6bcac\"><style>.stk-ee6bcac{margin-bottom:8px !important}.stk-ee6bcac .stk-block-heading__text{color:var(--stk-global-color-57259,#b52222) !important}<\/style><h2 class=\"stk-block-heading__text has-text-color has-stk-global-color-57259-color\"><strong>La lumi\u00e8re est le langage de la photographie<\/strong><\/h2><\/div>\n\n\n\n<figure class=\"wp-block-gallery columns-1 is-cropped eplus-wrapper wp-block-gallery-1 is-layout-flex wp-block-gallery-is-layout-flex\"><ul class=\"blocks-gallery-grid\"><li class=\"blocks-gallery-item\"><figure><img loading=\"lazy\" decoding=\"async\" width=\"600\" height=\"396\" src=\"https:\/\/www.diap7.fr\/wordpress\/wp-content\/uploads\/2021\/12\/shutterstock_74120035-600x396-1.jpg\" alt=\"\" data-id=\"2439\" data-full-url=\"https:\/\/www.diap7.fr\/wordpress\/wp-content\/uploads\/2021\/12\/shutterstock_74120035-600x396-1.jpg\" data-link=\"https:\/\/www.diap7.fr\/wordpress\/la-lumiere-est-le-langage-de-la-photographie\/shutterstock_74120035-600x396-1\/\" class=\"wp-image-2439\" srcset=\"https:\/\/www.diap7.fr\/wordpress\/wp-content\/uploads\/2021\/12\/shutterstock_74120035-600x396-1.jpg 600w, https:\/\/www.diap7.fr\/wordpress\/wp-content\/uploads\/2021\/12\/shutterstock_74120035-600x396-1-300x198.jpg 300w\" sizes=\"auto, (max-width: 600px) 100vw, 600px\" \/><\/figure><\/li><\/ul><\/figure>\n\n\n\n<p class=\" eplus-wrapper\">\u00ab\u00a0Un sujet bien choisi et une belle composition ne suffisent pas pour r\u00e9aliser la photo parfaite.<br>Car ce serait oublier un \u00e9l\u00e9ment tr\u00e8s important : la lumi\u00e8re. En effet, la lumi\u00e8re est le langage de la photographie\u00a0\u00bb<br><a rel=\"noreferrer noopener\" href=\"https:\/\/www.cewe.be\/fr\/blog\/2012\/11\/22\/la-lumiere-est-le-langage-de-la-photographie\/\" target=\"_blank\">https:\/\/www.cewe.be\/fr\/blog\/2012\/11\/22\/la-lumiere-est-le-langage-de-la-photographie\/<\/a><\/p>\n\n\n\n<div class=\"wp-block-stackable-heading stk-block-heading stk-block stk-c0795fc\" data-block-id=\"c0795fc\"><style>.stk-c0795fc{margin-bottom:0px !important}.stk-c0795fc .stk-block-heading__text{color:var(--stk-global-color-57259,#b52222) !important}<\/style><h2 class=\"stk-block-heading__text has-text-color has-stk-global-color-57259-color\"><strong>TYPES DE LUMI\u00c8RES \u00c0 CONNA\u00ceTRE POUR DONNER DU CARACT\u00c8RE \u00c0 VOS PHOTOS<\/strong><\/h2><\/div>\n\n\n\n<p class=\" eplus-wrapper\">La qualit\u00e9 d\u2019une lumi\u00e8re peut radicalement influencer la qualit\u00e9 de votre image : si elle peut conf\u00e9rer une platitude totale \u00e0 votre photo, elle peut surtout lui donner une belle profondeur en faisant exploser les contrastes et les couleurs<\/p>\n\n\n\n<figure class=\"wp-block-gallery columns-0 is-cropped eplus-wrapper wp-block-gallery-2 is-layout-flex wp-block-gallery-is-layout-flex\"><ul class=\"blocks-gallery-grid\"><li class=\"blocks-gallery-item\"><figure><img loading=\"lazy\" decoding=\"async\" width=\"600\" height=\"399\" src=\"https:\/\/www.diap7.fr\/wordpress\/wp-content\/uploads\/2021\/12\/tonton-photo-lumiere-contre-jour-1-e1641803760388.jpg\" alt=\"\" data-id=\"2441\" data-full-url=\"https:\/\/www.diap7.fr\/wordpress\/wp-content\/uploads\/2021\/12\/tonton-photo-lumiere-contre-jour-1-e1641803760388.jpg\" data-link=\"https:\/\/www.diap7.fr\/wordpress\/la-lumiere-est-le-langage-de-la-photographie\/tonton-photo-lumiere-contre-jour-1\/\" class=\"wp-image-2441\"\/><\/figure><\/li><\/ul><\/figure>\n\n\n\n<p class=\"has-text-align-center has-stk-global-color-65192-color has-text-color eplus-wrapper\"><em>\u00ab\u00a0Je voulais prendre en photo de jolies grappes de raisins dans un vignoble de Provence. Mais la lumi\u00e8re \u00e9tait \u00e0 contre-jour des grappes les plus belles. Du coup j\u2019ai cherch\u00e9 un pied de vigne bien feuillu, et j\u2019ai cadr\u00e9 de mani\u00e8re \u00e0 ce que des feuilles cachent en partie le soleil. J\u2019ai ainsi pu capter ce beau halo lumineux, tout en conservant une bonne exposition de mon sujet principal (la grappe de raisin), et en b\u00e9n\u00e9ficiant des magnifiques couleurs provoqu\u00e9es par le r\u00e9tro-\u00e9clairage des feuilles. \u00a9 Cl\u00e9ment Racineux \/ Tonton Photo\u00a0\u00bb<\/em><\/p>\n\n\n\n<p class=\"has-text-align-center has-stk-global-color-59113-color has-text-color eplus-wrapper\"><br><br><a href=\"http:\/\/tontonphoto.fr\/5-types-de-lumieres-caractere-photo\/\" target=\"_blank\" rel=\"noreferrer noopener\">http:\/\/tontonphoto.fr\/5-types-de-lumieres-caractere-photo\/<\/a><\/p>\n\n\n\n<div class=\"wp-block-stackable-heading stk-block-heading stk-block stk-d679030\" data-block-id=\"d679030\"><style>.stk-d679030{margin-bottom:6px !important}.stk-d679030 .stk-block-heading__text{color:var(--stk-global-color-57259,#b52222) !important}<\/style><h2 class=\"stk-block-heading__text has-text-color has-stk-global-color-57259-color\"><strong>Escapade dans le Massif du Canig\u00f3<\/strong><\/h2><\/div>\n\n\n\n<p class=\" eplus-wrapper\">\u00ab\u00a0R\u00e9cit, conseils et bonnes adresses pour explorer le massif du Canig\u00f3&nbsp;: entre ses villes fortifi\u00e9es et ses villages pittoresques, ses paysages et ses randonn\u00e9es, ses rencontres et sa culture catalane.<\/p>\n\n\n\n<figure class=\"wp-block-gallery columns-1 is-cropped eplus-wrapper wp-block-gallery-3 is-layout-flex wp-block-gallery-is-layout-flex\"><ul class=\"blocks-gallery-grid\"><li class=\"blocks-gallery-item\"><figure><img loading=\"lazy\" decoding=\"async\" width=\"600\" height=\"400\" src=\"https:\/\/www.diap7.fr\/wordpress\/wp-content\/uploads\/2021\/12\/header-canigo-1170x780-1-e1641804559920.jpg\" alt=\"\" data-id=\"2442\" data-full-url=\"https:\/\/www.diap7.fr\/wordpress\/wp-content\/uploads\/2021\/12\/header-canigo-1170x780-1-e1641804559920.jpg\" data-link=\"https:\/\/www.diap7.fr\/wordpress\/la-lumiere-est-le-langage-de-la-photographie\/header-canigo-1170x780-1\/\" class=\"wp-image-2442\"\/><\/figure><\/li><\/ul><\/figure>\n\n\n\n<p class=\" eplus-wrapper\">La qualit\u00e9 d\u2019une lumi\u00e8re peut radicalement influencer la qualit\u00e9 de votre image : si elle peut conf\u00e9rer une platitude totale \u00e0 votre photo, elle peut surtout lui donner une belle profondeur en faisant exploser les contrastes et les couleurs<\/p>\n\n\n\n<p class=\" eplus-wrapper\">Montagne phare des Pyr\u00e9n\u00e9es Orientales, le pic du Canig\u00f3 culmine \u00e0&nbsp;2 784&nbsp;m&nbsp;d\u2019altitude. Le massif qui l\u2019entoure fait partie du r\u00e9seau des Grands Sites de France et est r\u00e9put\u00e9 pour son patrimoine et ses sentiers de randonn\u00e9e. Ici convergent les r\u00e9gions historiques du Conflent, du Roussillon et du Vallespir, en plein c\u0153ur du Pays Catalan.\u00a0\u00bb<br><a rel=\"noreferrer noopener\" href=\"https:\/\/www.madame-oreille.com\/massif-canigo\/\" target=\"_blank\">https:\/\/www.madame-oreille.com\/massif-canigo\/<\/a><\/p>\n\n\n\n<div class=\"wp-block-stackable-heading stk-block-heading stk-block stk-defa924\" data-block-id=\"defa924\"><style>.stk-defa924{margin-bottom:6px !important}.stk-defa924 .stk-block-heading__text{color:var(--stk-global-color-57259,#b52222) !important}<\/style><h2 class=\"stk-block-heading__text has-text-color has-stk-global-color-57259-color\"><strong>Maitriser la lumi\u00e8re en photographie<\/strong><\/h2><\/div>\n\n\n\n<figure class=\"wp-embed-aspect-16-9 wp-has-aspect-ratio wp-block-embed is-type-rich is-provider-prise-en-charge-des-contenus-embarques wp-block-embed-prise-en-charge-des-contenus-embarques eplus-wrapper\"><div class=\"wp-block-embed__wrapper\">\n<iframe loading=\"lazy\" title=\"Ma\u00eetrisez LA LUMI\u00c8RE en photographie\" width=\"750\" height=\"422\" src=\"https:\/\/www.youtube.com\/embed\/9WK8083IEkk?feature=oembed\" frameborder=\"0\" allow=\"accelerometer; autoplay; clipboard-write; encrypted-media; gyroscope; picture-in-picture\" allowfullscreen><\/iframe>\n<\/div><\/figure>\n\n\n\n<div class=\"wp-block-stackable-heading stk-block-heading stk-block stk-d764d60\" data-block-id=\"d764d60\"><style>.stk-d764d60{margin-bottom:5px !important}.stk-d764d60 .stk-block-heading__text{color:var(--stk-global-color-57259,#b52222) !important}<\/style><h2 class=\"stk-block-heading__text has-text-color has-stk-global-color-57259-color\"><strong>A la d\u00e9couverte de MERS-LES-BAINS<\/strong><\/h2><\/div>\n\n\n\n<p class=\" eplus-wrapper\">MERS\u2011LES\u2011BAINS&nbsp;<br>VILLE DE CONTRASTE ET DE COULEUR :<br>&nbsp;<a rel=\"noreferrer noopener\" href=\"https:\/\/www.destination-letreport-mers.fr\/la-destination\/presentation-des-communes\/mers-les-bains\/\" target=\"_blank\">https:\/\/www.destination-letreport-mers.fr\/la-destination\/presentation-des-communes\/mers-les-bains\/<\/a><\/p>\n\n\n\n<p class=\" eplus-wrapper\">D\u00e9couvrir Mers-les-Bains et Le Tr\u00e9port le temps d\u2019un week-end :<br>&nbsp;<a rel=\"noreferrer noopener\" href=\"https:\/\/autourdeshauts.fr\/mers-les-bains\/\" target=\"_blank\">https:\/\/autourdeshauts.fr\/mers-les-bains\/<\/a><\/p>\n\n\n\n<hr class=\"wp-block-separator eplus-wrapper\"\/>\n\n\n\n<p class=\"has-text-align-center eplus-wrapper\">19 septembre 2021 &#8211; visite guid\u00e9e lors de la journ\u00e9e du patrimoine<br><em>G.Gabillet &#8211; Pentax K3&nbsp;<\/em>&nbsp;<\/p>\n\n\n\n<div class=\"wp-block-image eplus-wrapper\"><figure class=\"aligncenter size-large\"><img loading=\"lazy\" decoding=\"async\" width=\"1024\" height=\"534\" src=\"https:\/\/www.diap7.fr\/wordpress\/wp-content\/uploads\/2021\/12\/2021-12-16_08_13_30-mers-les-bains_destination_le_treport_-_mers-1024x534.png\" alt=\"\" class=\"wp-image-2443\" srcset=\"https:\/\/www.diap7.fr\/wordpress\/wp-content\/uploads\/2021\/12\/2021-12-16_08_13_30-mers-les-bains_destination_le_treport_-_mers-1024x534.png 1024w, https:\/\/www.diap7.fr\/wordpress\/wp-content\/uploads\/2021\/12\/2021-12-16_08_13_30-mers-les-bains_destination_le_treport_-_mers-300x156.png 300w, https:\/\/www.diap7.fr\/wordpress\/wp-content\/uploads\/2021\/12\/2021-12-16_08_13_30-mers-les-bains_destination_le_treport_-_mers-768x400.png 768w, https:\/\/www.diap7.fr\/wordpress\/wp-content\/uploads\/2021\/12\/2021-12-16_08_13_30-mers-les-bains_destination_le_treport_-_mers.png 1168w\" sizes=\"auto, (max-width: 1024px) 100vw, 1024px\" \/><\/figure><\/div>\n\n\n\n<figure class=\"wp-block-gallery columns-2 is-cropped has-lightbox eplus-wrapper wp-block-gallery-4 is-layout-flex wp-block-gallery-is-layout-flex\"><ul class=\"blocks-gallery-grid\"><li class=\"blocks-gallery-item\"><figure><img loading=\"lazy\" decoding=\"async\" width=\"1354\" height=\"900\" src=\"https:\/\/www.diap7.fr\/wordpress\/wp-content\/uploads\/passion-photo\/mers3.jpg\" alt=\"\" data-id=\"2423\" data-full-url=\"https:\/\/www.diap7.fr\/wordpress\/wp-content\/uploads\/passion-photo\/mers3.jpg\" data-link=\"https:\/\/www.diap7.fr\/wordpress\/mers3\/\" class=\"wp-image-2423\" srcset=\"https:\/\/www.diap7.fr\/wordpress\/wp-content\/uploads\/passion-photo\/mers3.jpg 1354w, https:\/\/www.diap7.fr\/wordpress\/wp-content\/uploads\/passion-photo\/mers3-300x199.jpg 300w, https:\/\/www.diap7.fr\/wordpress\/wp-content\/uploads\/passion-photo\/mers3-1024x681.jpg 1024w, https:\/\/www.diap7.fr\/wordpress\/wp-content\/uploads\/passion-photo\/mers3-768x510.jpg 768w, https:\/\/www.diap7.fr\/wordpress\/wp-content\/uploads\/passion-photo\/mers3-360x240.jpg 360w\" sizes=\"auto, (max-width: 1354px) 100vw, 1354px\" \/><\/figure><\/li><li class=\"blocks-gallery-item\"><figure><img loading=\"lazy\" decoding=\"async\" width=\"1354\" height=\"900\" src=\"https:\/\/www.diap7.fr\/wordpress\/wp-content\/uploads\/passion-photo\/mers4.jpg\" alt=\"\" data-id=\"2416\" data-full-url=\"https:\/\/www.diap7.fr\/wordpress\/wp-content\/uploads\/passion-photo\/mers4.jpg\" data-link=\"https:\/\/www.diap7.fr\/wordpress\/mers4\/\" class=\"wp-image-2416\" srcset=\"https:\/\/www.diap7.fr\/wordpress\/wp-content\/uploads\/passion-photo\/mers4.jpg 1354w, https:\/\/www.diap7.fr\/wordpress\/wp-content\/uploads\/passion-photo\/mers4-300x199.jpg 300w, https:\/\/www.diap7.fr\/wordpress\/wp-content\/uploads\/passion-photo\/mers4-1024x681.jpg 1024w, https:\/\/www.diap7.fr\/wordpress\/wp-content\/uploads\/passion-photo\/mers4-768x510.jpg 768w, https:\/\/www.diap7.fr\/wordpress\/wp-content\/uploads\/passion-photo\/mers4-360x240.jpg 360w\" sizes=\"auto, (max-width: 1354px) 100vw, 1354px\" \/><\/figure><\/li><li class=\"blocks-gallery-item\"><figure><img loading=\"lazy\" decoding=\"async\" width=\"1354\" height=\"900\" src=\"https:\/\/www.diap7.fr\/wordpress\/wp-content\/uploads\/passion-photo\/mers1.jpg\" alt=\"\" data-id=\"2420\" data-full-url=\"https:\/\/www.diap7.fr\/wordpress\/wp-content\/uploads\/passion-photo\/mers1.jpg\" data-link=\"https:\/\/www.diap7.fr\/wordpress\/mers1\/\" class=\"wp-image-2420\" srcset=\"https:\/\/www.diap7.fr\/wordpress\/wp-content\/uploads\/passion-photo\/mers1.jpg 1354w, https:\/\/www.diap7.fr\/wordpress\/wp-content\/uploads\/passion-photo\/mers1-300x199.jpg 300w, https:\/\/www.diap7.fr\/wordpress\/wp-content\/uploads\/passion-photo\/mers1-1024x681.jpg 1024w, https:\/\/www.diap7.fr\/wordpress\/wp-content\/uploads\/passion-photo\/mers1-768x510.jpg 768w, https:\/\/www.diap7.fr\/wordpress\/wp-content\/uploads\/passion-photo\/mers1-360x240.jpg 360w\" sizes=\"auto, (max-width: 1354px) 100vw, 1354px\" \/><\/figure><\/li><li class=\"blocks-gallery-item\"><figure><img loading=\"lazy\" decoding=\"async\" width=\"1354\" height=\"900\" src=\"https:\/\/www.diap7.fr\/wordpress\/wp-content\/uploads\/passion-photo\/mers2.jpg\" alt=\"\" data-id=\"2421\" data-full-url=\"https:\/\/www.diap7.fr\/wordpress\/wp-content\/uploads\/passion-photo\/mers2.jpg\" data-link=\"https:\/\/www.diap7.fr\/wordpress\/mers2\/\" class=\"wp-image-2421\" srcset=\"https:\/\/www.diap7.fr\/wordpress\/wp-content\/uploads\/passion-photo\/mers2.jpg 1354w, https:\/\/www.diap7.fr\/wordpress\/wp-content\/uploads\/passion-photo\/mers2-300x199.jpg 300w, https:\/\/www.diap7.fr\/wordpress\/wp-content\/uploads\/passion-photo\/mers2-1024x681.jpg 1024w, https:\/\/www.diap7.fr\/wordpress\/wp-content\/uploads\/passion-photo\/mers2-768x510.jpg 768w, https:\/\/www.diap7.fr\/wordpress\/wp-content\/uploads\/passion-photo\/mers2-360x240.jpg 360w\" sizes=\"auto, (max-width: 1354px) 100vw, 1354px\" \/><\/figure><\/li><li class=\"blocks-gallery-item\"><figure><img loading=\"lazy\" decoding=\"async\" width=\"598\" height=\"900\" src=\"https:\/\/www.diap7.fr\/wordpress\/wp-content\/uploads\/passion-photo\/mers7.jpg\" alt=\"\" data-id=\"2413\" data-full-url=\"https:\/\/www.diap7.fr\/wordpress\/wp-content\/uploads\/passion-photo\/mers7.jpg\" data-link=\"https:\/\/www.diap7.fr\/wordpress\/mers7\/\" class=\"wp-image-2413\" srcset=\"https:\/\/www.diap7.fr\/wordpress\/wp-content\/uploads\/passion-photo\/mers7.jpg 598w, https:\/\/www.diap7.fr\/wordpress\/wp-content\/uploads\/passion-photo\/mers7-199x300.jpg 199w\" sizes=\"auto, (max-width: 598px) 100vw, 598px\" \/><\/figure><\/li><li class=\"blocks-gallery-item\"><figure><img loading=\"lazy\" decoding=\"async\" width=\"598\" height=\"900\" src=\"https:\/\/www.diap7.fr\/wordpress\/wp-content\/uploads\/passion-photo\/mers11.jpg\" alt=\"\" data-id=\"2424\" data-full-url=\"https:\/\/www.diap7.fr\/wordpress\/wp-content\/uploads\/passion-photo\/mers11.jpg\" data-link=\"https:\/\/www.diap7.fr\/wordpress\/mers11\/\" class=\"wp-image-2424\" srcset=\"https:\/\/www.diap7.fr\/wordpress\/wp-content\/uploads\/passion-photo\/mers11.jpg 598w, https:\/\/www.diap7.fr\/wordpress\/wp-content\/uploads\/passion-photo\/mers11-199x300.jpg 199w\" sizes=\"auto, (max-width: 598px) 100vw, 598px\" \/><\/figure><\/li><li class=\"blocks-gallery-item\"><figure><img loading=\"lazy\" decoding=\"async\" width=\"1354\" height=\"900\" src=\"https:\/\/www.diap7.fr\/wordpress\/wp-content\/uploads\/passion-photo\/mers12.jpg\" alt=\"\" data-id=\"2426\" data-full-url=\"https:\/\/www.diap7.fr\/wordpress\/wp-content\/uploads\/passion-photo\/mers12.jpg\" data-link=\"https:\/\/www.diap7.fr\/wordpress\/mers12\/\" class=\"wp-image-2426\" srcset=\"https:\/\/www.diap7.fr\/wordpress\/wp-content\/uploads\/passion-photo\/mers12.jpg 1354w, https:\/\/www.diap7.fr\/wordpress\/wp-content\/uploads\/passion-photo\/mers12-300x199.jpg 300w, https:\/\/www.diap7.fr\/wordpress\/wp-content\/uploads\/passion-photo\/mers12-1024x681.jpg 1024w, https:\/\/www.diap7.fr\/wordpress\/wp-content\/uploads\/passion-photo\/mers12-768x510.jpg 768w, https:\/\/www.diap7.fr\/wordpress\/wp-content\/uploads\/passion-photo\/mers12-360x240.jpg 360w\" sizes=\"auto, (max-width: 1354px) 100vw, 1354px\" \/><\/figure><\/li><li class=\"blocks-gallery-item\"><figure><img loading=\"lazy\" decoding=\"async\" width=\"1354\" height=\"900\" src=\"https:\/\/www.diap7.fr\/wordpress\/wp-content\/uploads\/passion-photo\/mers13.jpg\" alt=\"\" data-id=\"2425\" data-full-url=\"https:\/\/www.diap7.fr\/wordpress\/wp-content\/uploads\/passion-photo\/mers13.jpg\" data-link=\"https:\/\/www.diap7.fr\/wordpress\/mers13\/\" class=\"wp-image-2425\" srcset=\"https:\/\/www.diap7.fr\/wordpress\/wp-content\/uploads\/passion-photo\/mers13.jpg 1354w, https:\/\/www.diap7.fr\/wordpress\/wp-content\/uploads\/passion-photo\/mers13-300x199.jpg 300w, https:\/\/www.diap7.fr\/wordpress\/wp-content\/uploads\/passion-photo\/mers13-1024x681.jpg 1024w, https:\/\/www.diap7.fr\/wordpress\/wp-content\/uploads\/passion-photo\/mers13-768x510.jpg 768w, https:\/\/www.diap7.fr\/wordpress\/wp-content\/uploads\/passion-photo\/mers13-360x240.jpg 360w\" sizes=\"auto, (max-width: 1354px) 100vw, 1354px\" \/><\/figure><\/li><li class=\"blocks-gallery-item\"><figure><img loading=\"lazy\" decoding=\"async\" width=\"1354\" height=\"900\" src=\"https:\/\/www.diap7.fr\/wordpress\/wp-content\/uploads\/passion-photo\/mers6.jpg\" alt=\"\" data-id=\"2419\" data-full-url=\"https:\/\/www.diap7.fr\/wordpress\/wp-content\/uploads\/passion-photo\/mers6.jpg\" data-link=\"https:\/\/www.diap7.fr\/wordpress\/mers6\/\" class=\"wp-image-2419\" srcset=\"https:\/\/www.diap7.fr\/wordpress\/wp-content\/uploads\/passion-photo\/mers6.jpg 1354w, https:\/\/www.diap7.fr\/wordpress\/wp-content\/uploads\/passion-photo\/mers6-300x199.jpg 300w, https:\/\/www.diap7.fr\/wordpress\/wp-content\/uploads\/passion-photo\/mers6-1024x681.jpg 1024w, https:\/\/www.diap7.fr\/wordpress\/wp-content\/uploads\/passion-photo\/mers6-768x510.jpg 768w, https:\/\/www.diap7.fr\/wordpress\/wp-content\/uploads\/passion-photo\/mers6-360x240.jpg 360w\" sizes=\"auto, (max-width: 1354px) 100vw, 1354px\" \/><\/figure><\/li><li class=\"blocks-gallery-item\"><figure><img loading=\"lazy\" decoding=\"async\" width=\"1354\" height=\"900\" src=\"https:\/\/www.diap7.fr\/wordpress\/wp-content\/uploads\/passion-photo\/mers9.jpg\" alt=\"\" data-id=\"2418\" data-full-url=\"https:\/\/www.diap7.fr\/wordpress\/wp-content\/uploads\/passion-photo\/mers9.jpg\" data-link=\"https:\/\/www.diap7.fr\/wordpress\/mers9\/\" class=\"wp-image-2418\" srcset=\"https:\/\/www.diap7.fr\/wordpress\/wp-content\/uploads\/passion-photo\/mers9.jpg 1354w, https:\/\/www.diap7.fr\/wordpress\/wp-content\/uploads\/passion-photo\/mers9-300x199.jpg 300w, https:\/\/www.diap7.fr\/wordpress\/wp-content\/uploads\/passion-photo\/mers9-1024x681.jpg 1024w, https:\/\/www.diap7.fr\/wordpress\/wp-content\/uploads\/passion-photo\/mers9-768x510.jpg 768w, https:\/\/www.diap7.fr\/wordpress\/wp-content\/uploads\/passion-photo\/mers9-360x240.jpg 360w\" sizes=\"auto, (max-width: 1354px) 100vw, 1354px\" \/><\/figure><\/li><li class=\"blocks-gallery-item\"><figure><img loading=\"lazy\" decoding=\"async\" width=\"1354\" height=\"900\" src=\"https:\/\/www.diap7.fr\/wordpress\/wp-content\/uploads\/passion-photo\/mers5.jpg\" alt=\"\" data-id=\"2417\" data-full-url=\"https:\/\/www.diap7.fr\/wordpress\/wp-content\/uploads\/passion-photo\/mers5.jpg\" data-link=\"https:\/\/www.diap7.fr\/wordpress\/mers5\/\" class=\"wp-image-2417\" srcset=\"https:\/\/www.diap7.fr\/wordpress\/wp-content\/uploads\/passion-photo\/mers5.jpg 1354w, https:\/\/www.diap7.fr\/wordpress\/wp-content\/uploads\/passion-photo\/mers5-300x199.jpg 300w, https:\/\/www.diap7.fr\/wordpress\/wp-content\/uploads\/passion-photo\/mers5-1024x681.jpg 1024w, https:\/\/www.diap7.fr\/wordpress\/wp-content\/uploads\/passion-photo\/mers5-768x510.jpg 768w, https:\/\/www.diap7.fr\/wordpress\/wp-content\/uploads\/passion-photo\/mers5-360x240.jpg 360w\" sizes=\"auto, (max-width: 1354px) 100vw, 1354px\" \/><\/figure><\/li><li class=\"blocks-gallery-item\"><figure><img loading=\"lazy\" decoding=\"async\" width=\"598\" height=\"900\" src=\"https:\/\/www.diap7.fr\/wordpress\/wp-content\/uploads\/passion-photo\/mers10.jpg\" alt=\"\" data-id=\"2414\" data-full-url=\"https:\/\/www.diap7.fr\/wordpress\/wp-content\/uploads\/passion-photo\/mers10.jpg\" data-link=\"https:\/\/www.diap7.fr\/wordpress\/mers10\/\" class=\"wp-image-2414\" srcset=\"https:\/\/www.diap7.fr\/wordpress\/wp-content\/uploads\/passion-photo\/mers10.jpg 598w, https:\/\/www.diap7.fr\/wordpress\/wp-content\/uploads\/passion-photo\/mers10-199x300.jpg 199w\" sizes=\"auto, (max-width: 598px) 100vw, 598px\" \/><\/figure><\/li><\/ul><\/figure>\n","protected":false},"excerpt":{"rendered":"<p>La lumi\u00e8re est le langage de la photographie \u00ab\u00a0Un sujet bien choisi et une belle composition ne suffisent pas pour r\u00e9aliser la photo parfaite.Car ce serait oublier un \u00e9l\u00e9ment tr\u00e8s important : la lumi\u00e8re. En effet, la lumi\u00e8re est le langage de la photographie\u00a0\u00bbhttps:\/\/www.cewe.be\/fr\/blog\/2012\/11\/22\/la-lumiere-est-le-langage-de-la-photographie\/ TYPES DE LUMI\u00c8RES \u00c0 CONNA\u00ceTRE POUR [&hellip;]<\/p>\n","protected":false},"author":1,"featured_media":793,"parent":5,"menu_order":2,"comment_status":"closed","ping_status":"closed","template":"page-templates\/template-fullwidth.php","meta":{"_coblocks_attr":"","_coblocks_dimensions":"","_coblocks_responsive_height":"","_coblocks_accordion_ie_support":"","editor_plus_copied_stylings":"{}","_themeisle_gutenberg_block_has_review":false,"footnotes":""},"class_list":["post-2411","page","type-page","status-publish","has-post-thumbnail","hentry"],"featured_image_urls_v2":{"full":["https:\/\/www.diap7.fr\/wordpress\/wp-content\/uploads\/entete\/prem1.jpg",1900,450,false],"thumbnail":["https:\/\/www.diap7.fr\/wordpress\/wp-content\/uploads\/entete\/prem1-150x150.jpg",150,150,true],"medium":["https:\/\/www.diap7.fr\/wordpress\/wp-content\/uploads\/entete\/prem1-300x71.jpg",300,71,true],"medium_large":["https:\/\/www.diap7.fr\/wordpress\/wp-content\/uploads\/entete\/prem1-768x182.jpg",750,178,true],"large":["https:\/\/www.diap7.fr\/wordpress\/wp-content\/uploads\/entete\/prem1-1024x243.jpg",750,178,true],"1536x1536":["https:\/\/www.diap7.fr\/wordpress\/wp-content\/uploads\/entete\/prem1-1536x364.jpg",1536,364,true],"2048x2048":["https:\/\/www.diap7.fr\/wordpress\/wp-content\/uploads\/entete\/prem1.jpg",1900,450,false],"hestia-blog":["https:\/\/www.diap7.fr\/wordpress\/wp-content\/uploads\/entete\/prem1-360x240.jpg",360,240,true]},"post_excerpt_stackable_v2":"<p>La lumi\u00e8re est le langage de la photographie \u00ab\u00a0Un sujet bien choisi et une belle composition ne suffisent pas pour r\u00e9aliser la photo parfaite.Car ce serait oublier un \u00e9l\u00e9ment tr\u00e8s important : la lumi\u00e8re. En effet, la lumi\u00e8re est le langage de la photographie\u00a0\u00bbhttps:\/\/www.cewe.be\/fr\/blog\/2012\/11\/22\/la-lumiere-est-le-langage-de-la-photographie\/ TYPES DE LUMI\u00c8RES \u00c0 CONNA\u00ceTRE POUR DONNER DU CARACT\u00c8RE \u00c0 VOS PHOTOS La qualit\u00e9 d\u2019une lumi\u00e8re peut radicalement influencer la qualit\u00e9 de votre image : si elle peut conf\u00e9rer une platitude totale \u00e0 votre photo, elle peut surtout lui donner une belle profondeur en faisant exploser les contrastes et les couleurs \u00ab\u00a0Je voulais prendre en photo\u2026<\/p>\n","category_list_v2":"","author_info_v2":{"name":"Georges7","url":"https:\/\/www.diap7.fr\/wordpress\/author\/georges7\/"},"comments_num_v2":"0 commentaire","featured_image_src":"https:\/\/www.diap7.fr\/wordpress\/wp-content\/uploads\/entete\/prem1.jpg","_links":{"self":[{"href":"https:\/\/www.diap7.fr\/wordpress\/wp-json\/wp\/v2\/pages\/2411","targetHints":{"allow":["GET"]}}],"collection":[{"href":"https:\/\/www.diap7.fr\/wordpress\/wp-json\/wp\/v2\/pages"}],"about":[{"href":"https:\/\/www.diap7.fr\/wordpress\/wp-json\/wp\/v2\/types\/page"}],"author":[{"embeddable":true,"href":"https:\/\/www.diap7.fr\/wordpress\/wp-json\/wp\/v2\/users\/1"}],"replies":[{"embeddable":true,"href":"https:\/\/www.diap7.fr\/wordpress\/wp-json\/wp\/v2\/comments?post=2411"}],"version-history":[{"count":0,"href":"https:\/\/www.diap7.fr\/wordpress\/wp-json\/wp\/v2\/pages\/2411\/revisions"}],"up":[{"embeddable":true,"href":"https:\/\/www.diap7.fr\/wordpress\/wp-json\/wp\/v2\/pages\/5"}],"wp:featuredmedia":[{"embeddable":true,"href":"https:\/\/www.diap7.fr\/wordpress\/wp-json\/wp\/v2\/media\/793"}],"wp:attachment":[{"href":"https:\/\/www.diap7.fr\/wordpress\/wp-json\/wp\/v2\/media?parent=2411"}],"curies":[{"name":"wp","href":"https:\/\/api.w.org\/{rel}","templated":true}]}}