{"id":2827,"date":"2023-12-21T08:26:31","date_gmt":"2023-12-21T07:26:31","guid":{"rendered":"https:\/\/www.diap7.fr\/wordpress\/?page_id=2827"},"modified":"2025-11-27T09:14:15","modified_gmt":"2025-11-27T08:14:15","slug":"la-bretagne","status":"publish","type":"page","link":"https:\/\/www.diap7.fr\/wordpress\/passion-photo\/la-bretagne\/","title":{"rendered":"La Bretagne"},"content":{"rendered":"\n<div class=\"is-style-default eplus-tiKqoK wp-block-media-text alignwide is-stacked-on-mobile eplus-wrapper\"><figure class=\"wp-block-media-text__media\"><img loading=\"lazy\" decoding=\"async\" width=\"1024\" height=\"768\" src=\"https:\/\/www.diap7.fr\/wordpress\/wp-content\/uploads\/bretagne\/bretagne0-1024x768.jpg\" alt=\"\" class=\"wp-image-2804 size-full\" srcset=\"https:\/\/www.diap7.fr\/wordpress\/wp-content\/uploads\/bretagne\/bretagne0-1024x768.jpg 1024w, https:\/\/www.diap7.fr\/wordpress\/wp-content\/uploads\/bretagne\/bretagne0-300x225.jpg 300w, https:\/\/www.diap7.fr\/wordpress\/wp-content\/uploads\/bretagne\/bretagne0-768x576.jpg 768w, https:\/\/www.diap7.fr\/wordpress\/wp-content\/uploads\/bretagne\/bretagne0.jpg 1152w\" sizes=\"auto, (max-width: 1024px) 100vw, 1024px\" \/><\/figure><div class=\"wp-block-media-text__content\">\n<p class=\"eplus-kocfqQ has-text-align-center eplus-wrapper\"><span style=\"color: #000000;\" class=\"stk-highlight\">Fin Octobre nous \u00e9tions  en vill\u00e9giature<br> \u00e0 <a href=\"https:\/\/villedesaintcastleguildo.fr\/\" target=\"_blank\" rel=\"noreferrer noopener\">Saint Cast Le Guildo<\/a><\/span><\/p>\n\n\n<p class=\" eplus-wrapper eplus-styles-uid-24b8d8\"><span style=\"color: var(--stk-global-color-57259, #b52222);\" class=\"stk-highlight\"><em>Saint<\/em>&#8211;<em>Cast-le Guildo<\/em>\u00a0se situe au Nord-Est du d\u00e9partement des C\u00f4tes d&rsquo;Armor, sur une magnifique presqu&rsquo;ile.<\/span><\/p>\n\n<p style=\"font-size:14px\" class=\" eplus-wrapper eplus-styles-uid-d9026c\">Des balades suivies via l&rsquo;application \u00ab\u00a0Visorando\u00a0\u00bb avec photos \u00e0 l&rsquo;appui !<\/p><\/div><\/div>\n\n\n\n<div style=\"height:40px\" aria-hidden=\"true\" class=\"eplus-bkseno wp-block-spacer eplus-wrapper\"><\/div>\n\n\n<figure class=\" edplus_anim-27d1wt wp-block-video aligncenter eplus-wrapper eplus-styles-uid-bc7cbd\"><video controls src=\"https:\/\/www.diap7.fr\/wordpress\/wp-content\/uploads\/2023\/12\/20231025_151103.mp4\"><\/video><\/figure>\n\n<h3 class=\"eplus-SWGvnZ wp-block-heading has-text-align-center eplus-wrapper eplus-styles-uid-5927c1\">Saint Cast le Guildo<\/h3>\n\n\n<div style=\"height:34px\" aria-hidden=\"true\" class=\" wp-block-spacer eplus-wrapper\"><\/div>\n\n\n<div class=\"wp-block-columns eplus-wrapper is-layout-flex wp-container-core-columns-is-layout-28f84493 wp-block-columns-is-layout-flex eplus-styles-uid-996130\">\n<div class=\"wp-block-column eplus-wrapper is-layout-flow wp-block-column-is-layout-flow\" style=\"flex-basis:100%\">\n<figure class=\"columns-3 wp-block-gallery has-nested-images is-cropped has-lightbox eplus-wrapper wp-block-gallery-1 is-layout-flex wp-block-gallery-is-layout-flex\">\n<figure class=\" wp-block-image size-full eplus-wrapper\"><img decoding=\"async\" data-id=\"2824\" src=\"https:\/\/www.diap7.fr\/wordpress\/wp-content\/uploads\/2023\/12\/IMGP4511.jpg\" alt=\"\" class=\"wp-image-2824\"><\/figure>\n\n\n\n<figure class=\" wp-block-image size-full eplus-wrapper\"><img decoding=\"async\" data-id=\"2825\" src=\"https:\/\/www.diap7.fr\/wordpress\/wp-content\/uploads\/2023\/12\/IMGP4514.jpg\" alt=\"\" class=\"wp-image-2825\"><\/figure>\n\n\n\n<figure class=\" wp-block-image size-full eplus-wrapper\"><img decoding=\"async\" data-id=\"2818\" src=\"https:\/\/www.diap7.fr\/wordpress\/wp-content\/uploads\/2023\/12\/20231027_144741.jpg\" alt=\"\" class=\"wp-image-2818\"><\/figure>\n\n\n\n<figure class=\" wp-block-image size-full eplus-wrapper\"><img decoding=\"async\" data-id=\"2819\" src=\"https:\/\/www.diap7.fr\/wordpress\/wp-content\/uploads\/2023\/12\/20231027_150412.jpg\" alt=\"\" class=\"wp-image-2819\"><\/figure>\n\n\n\n<figure class=\" wp-block-image size-full eplus-wrapper\"><img decoding=\"async\" data-id=\"2826\" src=\"https:\/\/www.diap7.fr\/wordpress\/wp-content\/uploads\/2023\/12\/IMGP4515.jpg\" alt=\"\" class=\"wp-image-2826\"><figcaption class=\"wp-element-caption\">La coquille saint jacques<\/figcaption><\/figure>\n\n\n\n<figure class=\" wp-block-image size-full eplus-wrapper\"><img decoding=\"async\" data-id=\"2820\" src=\"https:\/\/www.diap7.fr\/wordpress\/wp-content\/uploads\/2023\/12\/20231027_163242.jpg\" alt=\"\" class=\"wp-image-2820\"><\/figure>\n\n\n\n<figure class=\" wp-block-image size-full eplus-wrapper\"><img decoding=\"async\" data-id=\"2821\" src=\"https:\/\/www.diap7.fr\/wordpress\/wp-content\/uploads\/2023\/12\/20231027_164118.jpg\" alt=\"\" class=\"wp-image-2821\"><\/figure>\n\n\n\n<figure class=\" wp-block-image size-full eplus-wrapper\"><img decoding=\"async\" data-id=\"2815\" src=\"https:\/\/www.diap7.fr\/wordpress\/wp-content\/uploads\/2023\/12\/20231025_150107.jpg\" alt=\"\" class=\"wp-image-2815\"><\/figure>\n\n\n\n<figure class=\" wp-block-image size-full eplus-wrapper\"><img decoding=\"async\" data-id=\"2814\" src=\"https:\/\/www.diap7.fr\/wordpress\/wp-content\/uploads\/2023\/12\/20231025_104943.jpg\" alt=\"\" class=\"wp-image-2814\"><\/figure>\n\n\n\n<figure class=\" wp-block-image size-full eplus-wrapper\"><img decoding=\"async\" data-id=\"2813\" src=\"https:\/\/www.diap7.fr\/wordpress\/wp-content\/uploads\/2023\/12\/20231023_153232.jpg\" alt=\"\" class=\"wp-image-2813\"><\/figure>\n\n\n\n<figure class=\" wp-block-image size-full eplus-wrapper\"><img decoding=\"async\" data-id=\"2811\" src=\"https:\/\/www.diap7.fr\/wordpress\/wp-content\/uploads\/2023\/12\/20231023_144940.jpg\" alt=\"\" class=\"wp-image-2811\"><\/figure>\n\n\n\n<figure class=\" wp-block-image size-full eplus-wrapper\"><img decoding=\"async\" data-id=\"2810\" src=\"https:\/\/www.diap7.fr\/wordpress\/wp-content\/uploads\/2023\/12\/20231022_151012.jpg\" alt=\"\" class=\"wp-image-2810\"><\/figure>\n\n\n\n<figure class=\" wp-block-image size-full eplus-wrapper\"><img decoding=\"async\" data-id=\"2809\" src=\"https:\/\/www.diap7.fr\/wordpress\/wp-content\/uploads\/2023\/12\/20231022_143600.jpg\" alt=\"\" class=\"wp-image-2809\"><\/figure>\n\n\n\n<figure class=\" wp-block-image size-full eplus-wrapper\"><img decoding=\"async\" data-id=\"2808\" src=\"https:\/\/www.diap7.fr\/wordpress\/wp-content\/uploads\/2023\/12\/20231022_143221.jpg\" alt=\"\" class=\"wp-image-2808\"><\/figure>\n\n\n\n<figure class=\" wp-block-image size-full eplus-wrapper\"><img decoding=\"async\" data-id=\"2817\" src=\"https:\/\/www.diap7.fr\/wordpress\/wp-content\/uploads\/2023\/12\/20231025_155120.jpg\" alt=\"\" class=\"wp-image-2817\"><\/figure>\n<\/figure>\n<\/div>\n<\/div>\n\n\n<div style=\"height:40px\" aria-hidden=\"true\" class=\"eplus-bkseno wp-block-spacer eplus-wrapper\"><\/div>\n\n\n<h2 class=\"eplus-SWGvnZ wp-block-heading has-text-align-center eplus-wrapper eplus-styles-uid-5927c1\">Utilisation de l&rsquo;application \u00ab\u00a0VISORANDO\u00a0\u00bb<\/h2>\n\n\n<p class=\" eplus-wrapper\"><em>Visorando<\/em>&nbsp;permet de trouver gratuitement des id\u00e9es de randonn\u00e9es et de se servir de son smartphone comme d&rsquo;un GPS de randonn\u00e9e, m\u00eame sans r\u00e9seau mobile.<br>Acc\u00e8s au site : <a href=\"https:\/\/www.visorando.com\/\" target=\"_blank\" rel=\"noreferrer noopener\">https:\/\/www.visorando.com\/<\/a><\/p>\n\n\n\n<p class=\" has-text-align-left eplus-wrapper\">Descriptif de la randonn\u00e9e du 23\/10\/2023<\/p>\n\n\n\n<figure class=\"wp-block-gallery has-nested-images columns-default is-cropped eplus-wrapper wp-block-gallery-2\">\n<figure class=\" wp-block-image size-large eplus-wrapper\"><img loading=\"lazy\" decoding=\"async\" width=\"1024\" height=\"487\" data-id=\"2884\" src=\"https:\/\/www.diap7.fr\/wordpress\/wp-content\/uploads\/bretagne\/balade-saint-cast-le-guildo-1024x487.png\" alt=\"\" class=\"wp-image-2884\" srcset=\"https:\/\/www.diap7.fr\/wordpress\/wp-content\/uploads\/bretagne\/balade-saint-cast-le-guildo-1024x487.png 1024w, https:\/\/www.diap7.fr\/wordpress\/wp-content\/uploads\/bretagne\/balade-saint-cast-le-guildo-300x143.png 300w, https:\/\/www.diap7.fr\/wordpress\/wp-content\/uploads\/bretagne\/balade-saint-cast-le-guildo-768x365.png 768w, https:\/\/www.diap7.fr\/wordpress\/wp-content\/uploads\/bretagne\/balade-saint-cast-le-guildo.png 1436w\" sizes=\"auto, (max-width: 1024px) 100vw, 1024px\" \/><\/figure>\n\n\n\n<figure class=\" wp-block-image size-large eplus-wrapper\"><img loading=\"lazy\" decoding=\"async\" width=\"1024\" height=\"667\" data-id=\"2883\" src=\"https:\/\/www.diap7.fr\/wordpress\/wp-content\/uploads\/bretagne\/descriptif-balade-saint-cast-le-guildo-1024x667.png\" alt=\"\" class=\"wp-image-2883\" srcset=\"https:\/\/www.diap7.fr\/wordpress\/wp-content\/uploads\/bretagne\/descriptif-balade-saint-cast-le-guildo-1024x667.png 1024w, https:\/\/www.diap7.fr\/wordpress\/wp-content\/uploads\/bretagne\/descriptif-balade-saint-cast-le-guildo-300x196.png 300w, https:\/\/www.diap7.fr\/wordpress\/wp-content\/uploads\/bretagne\/descriptif-balade-saint-cast-le-guildo-768x501.png 768w, https:\/\/www.diap7.fr\/wordpress\/wp-content\/uploads\/bretagne\/descriptif-balade-saint-cast-le-guildo.png 1100w\" sizes=\"auto, (max-width: 1024px) 100vw, 1024px\" \/><\/figure>\n<\/figure>\n\n\n\n<div style=\"height:51px\" aria-hidden=\"true\" class=\" wp-block-spacer eplus-wrapper\"><\/div>\n\n\n<style>.wp-block-kadence-advancedbtn.kb-btns2827_801038-43{gap:var(--global-kb-gap-xs, 0.5rem );justify-content:center;align-items:center;}.kt-btns2827_801038-43 .kt-button{font-weight:normal;font-style:normal;}.kt-btns2827_801038-43 .kt-btn-wrap-0{margin-right:5px;}.wp-block-kadence-advancedbtn.kt-btns2827_801038-43 .kt-btn-wrap-0 .kt-button{color:#555555;border-color:#555555;}.wp-block-kadence-advancedbtn.kt-btns2827_801038-43 .kt-btn-wrap-0 .kt-button:hover, .wp-block-kadence-advancedbtn.kt-btns2827_801038-43 .kt-btn-wrap-0 .kt-button:focus{color:#ffffff;border-color:#444444;}.wp-block-kadence-advancedbtn.kt-btns2827_801038-43 .kt-btn-wrap-0 .kt-button::before{display:none;}.wp-block-kadence-advancedbtn.kt-btns2827_801038-43 .kt-btn-wrap-0 .kt-button:hover, .wp-block-kadence-advancedbtn.kt-btns2827_801038-43 .kt-btn-wrap-0 .kt-button:focus{background:#444444;}<\/style>\n<div class=\"wp-block-kadence-advancedbtn kb-buttons-wrap kb-btns2827_801038-43\"><style>ul.menu .wp-block-kadence-advancedbtn .kb-btn2827_35b811-6d.kb-button{width:initial;}<\/style><a class=\"kb-button kt-button button kb-btn2827_35b811-6d kt-btn-size-standard kt-btn-width-type-auto kb-btn-global-fill  kt-btn-has-text-true kt-btn-has-svg-false  wp-block-kadence-singlebtn\" href=\"\/wordpress\/documents\/rando.kml\" download=\"\"><span class=\"kt-btn-inner-text\">T\u00e9l\u00e9charger le fichier \u00ab\u00a0rando.kml\u00a0\u00bb pour la visualisation sous Google Earth<\/span><\/a><\/div>\n\n\n\n<div style=\"height:51px\" aria-hidden=\"true\" class=\" wp-block-spacer eplus-wrapper\"><\/div>\n","protected":false},"excerpt":{"rendered":"<p>Fin Octobre nous \u00e9tions en vill\u00e9giature \u00e0 Saint Cast Le Guildo Saint&#8211;Cast-le Guildo\u00a0se situe au Nord-Est du d\u00e9partement des C\u00f4tes d&rsquo;Armor, sur une magnifique presqu&rsquo;ile. Des balades suivies via l&rsquo;application \u00ab\u00a0Visorando\u00a0\u00bb avec photos \u00e0 l&rsquo;appui ! Saint Cast le Guildo Utilisation de l&rsquo;application \u00ab\u00a0VISORANDO\u00a0\u00bb Visorando&nbsp;permet de trouver gratuitement des id\u00e9es [&hellip;]<\/p>\n","protected":false},"author":1,"featured_media":793,"parent":5,"menu_order":4,"comment_status":"closed","ping_status":"closed","template":"page-templates\/template-fullwidth.php","meta":{"_coblocks_attr":"","_coblocks_dimensions":"","_coblocks_responsive_height":"","_coblocks_accordion_ie_support":"","editor_plus_copied_stylings":"{}","_themeisle_gutenberg_block_has_review":false,"footnotes":""},"class_list":["post-2827","page","type-page","status-publish","has-post-thumbnail","hentry"],"featured_image_urls_v2":{"full":["https:\/\/www.diap7.fr\/wordpress\/wp-content\/uploads\/entete\/prem1.jpg",1900,450,false],"thumbnail":["https:\/\/www.diap7.fr\/wordpress\/wp-content\/uploads\/entete\/prem1-150x150.jpg",150,150,true],"medium":["https:\/\/www.diap7.fr\/wordpress\/wp-content\/uploads\/entete\/prem1-300x71.jpg",300,71,true],"medium_large":["https:\/\/www.diap7.fr\/wordpress\/wp-content\/uploads\/entete\/prem1-768x182.jpg",750,178,true],"large":["https:\/\/www.diap7.fr\/wordpress\/wp-content\/uploads\/entete\/prem1-1024x243.jpg",750,178,true],"1536x1536":["https:\/\/www.diap7.fr\/wordpress\/wp-content\/uploads\/entete\/prem1-1536x364.jpg",1536,364,true],"2048x2048":["https:\/\/www.diap7.fr\/wordpress\/wp-content\/uploads\/entete\/prem1.jpg",1900,450,false],"hestia-blog":["https:\/\/www.diap7.fr\/wordpress\/wp-content\/uploads\/entete\/prem1-360x240.jpg",360,240,true]},"post_excerpt_stackable_v2":"<p>Fin Octobre nous \u00e9tions en vill\u00e9giature \u00e0 Saint Cast Le Guildo Saint&#8211;Cast-le Guildo\u00a0se situe au Nord-Est du d\u00e9partement des C\u00f4tes d&rsquo;Armor, sur une magnifique presqu&rsquo;ile. Des balades suivies via l&rsquo;application \u00ab\u00a0Visorando\u00a0\u00bb avec photos \u00e0 l&rsquo;appui ! Saint Cast le Guildo La coquille saint jacques Utilisation de l&rsquo;application \u00ab\u00a0VISORANDO\u00a0\u00bb Visorando&nbsp;permet de trouver gratuitement des id\u00e9es de randonn\u00e9es et de se servir de son smartphone comme d&rsquo;un GPS de randonn\u00e9e, m\u00eame sans r\u00e9seau mobile.Acc\u00e8s au site : https:\/\/www.visorando.com\/ Descriptif de la randonn\u00e9e du 23\/10\/2023 T\u00e9l\u00e9charger le fichier \u00ab\u00a0rando.kml\u00a0\u00bb pour la visualisation sous Google Earth<\/p>\n","category_list_v2":"","author_info_v2":{"name":"Georges7","url":"https:\/\/www.diap7.fr\/wordpress\/author\/georges7\/"},"comments_num_v2":"0 commentaire","featured_image_src":"https:\/\/www.diap7.fr\/wordpress\/wp-content\/uploads\/entete\/prem1.jpg","_links":{"self":[{"href":"https:\/\/www.diap7.fr\/wordpress\/wp-json\/wp\/v2\/pages\/2827","targetHints":{"allow":["GET"]}}],"collection":[{"href":"https:\/\/www.diap7.fr\/wordpress\/wp-json\/wp\/v2\/pages"}],"about":[{"href":"https:\/\/www.diap7.fr\/wordpress\/wp-json\/wp\/v2\/types\/page"}],"author":[{"embeddable":true,"href":"https:\/\/www.diap7.fr\/wordpress\/wp-json\/wp\/v2\/users\/1"}],"replies":[{"embeddable":true,"href":"https:\/\/www.diap7.fr\/wordpress\/wp-json\/wp\/v2\/comments?post=2827"}],"version-history":[{"count":15,"href":"https:\/\/www.diap7.fr\/wordpress\/wp-json\/wp\/v2\/pages\/2827\/revisions"}],"predecessor-version":[{"id":3178,"href":"https:\/\/www.diap7.fr\/wordpress\/wp-json\/wp\/v2\/pages\/2827\/revisions\/3178"}],"up":[{"embeddable":true,"href":"https:\/\/www.diap7.fr\/wordpress\/wp-json\/wp\/v2\/pages\/5"}],"wp:featuredmedia":[{"embeddable":true,"href":"https:\/\/www.diap7.fr\/wordpress\/wp-json\/wp\/v2\/media\/793"}],"wp:attachment":[{"href":"https:\/\/www.diap7.fr\/wordpress\/wp-json\/wp\/v2\/media?parent=2827"}],"curies":[{"name":"wp","href":"https:\/\/api.w.org\/{rel}","templated":true}]}}