{"id":483,"date":"2020-12-14T09:59:00","date_gmt":"2020-12-14T08:59:00","guid":{"rendered":"http:\/\/www.diap7.fr\/wordpress\/?page_id=483"},"modified":"2023-12-18T08:40:18","modified_gmt":"2023-12-18T07:40:18","slug":"passion-decouverte","status":"publish","type":"page","link":"https:\/\/www.diap7.fr\/wordpress\/passion-photo\/passion-decouverte\/","title":{"rendered":"Passion-Photo et Passion-D\u00e9couverte"},"content":{"rendered":"\n<div class=\"wp-block-media-text alignwide is-stacked-on-mobile eplus-e3rL8X is-style-default\"><figure class=\"wp-block-media-text__media\"><img loading=\"lazy\" decoding=\"async\" width=\"300\" height=\"211\" src=\"https:\/\/www.diap7.fr\/wordpress\/wp-content\/uploads\/passion-photo\/Port-Titi-300x211.jpg\" alt=\"\" class=\"wp-image-561 size-medium\" srcset=\"https:\/\/www.diap7.fr\/wordpress\/wp-content\/uploads\/passion-photo\/Port-Titi-300x211.jpg 300w, https:\/\/www.diap7.fr\/wordpress\/wp-content\/uploads\/passion-photo\/Port-Titi.jpg 550w\" sizes=\"auto, (max-width: 300px) 100vw, 300px\" \/><\/figure><div class=\"wp-block-media-text__content\">\n<p class=\"has-text-align-center eplus-751xrn has-medium-font-size\">Les cartes&nbsp;<em>Passion-D\u00e9couvertes<\/em>&nbsp;vous feront voyager \u00e0 la d\u00e9couverte des curiosit\u00e9s touristiques de nos magnifiques r\u00e9gions.&nbsp;<br>il s&rsquo;agit de vous faire d\u00e9couvrir un site et ses environs proches, sans oublier certains lieux insolites.<br>Aujourd&rsquo;hui, mon choix se porte sur un lieu du Haut Doubs : le lac Saint Point<\/p>\n<\/div><\/div>\n\n\n\n<div style=\"height:46px\" aria-hidden=\"true\" class=\"wp-block-spacer eplus-f9Ks0n\"><\/div>\n\n\n\n<p class=\"has-text-align-center eplus-asa6c3\">\u00ab\u00a0Le lac de Saint Point et son voisin le Lac de Remoray occupent la vall\u00e9e des 2 Lacs.<\/p>\n\n\n<p class=\"has-text-align-center eplus-jaV9et eplus-styles-uid-24b8d8\">Les 2 lacs sont s\u00e9par\u00e9s par une zone de marais, \u00e0 travers laquelle coule le Doubs qui alimente le Lac Saint Point. Lors du retrait du dernier glacier jurassien, il y a un peu moins de 20 000 ans, les 2 lacs n\u2019en formaient qu\u2019un. Leur s\u00e9paration est due \u00e0 l\u2019accumulation des s\u00e9diments du Doubs qui a form\u00e9 un delta entre les 2 lacs&#8230;.\u00a0\u00bb<\/p>\n\n\n<p class=\"has-text-align-center eplus-Oeeohw\" style=\"font-size:15px\"><a rel=\"noreferrer noopener\" href=\"https:\/\/www.malbuisson-les-lacs.com\/lacs.html\" data-type=\"URL\" data-id=\"https:\/\/www.malbuisson-les-lacs.com\/lacs.html\" target=\"_blank\">https:\/\/www.malbuisson-les-lacs.com\/lacs.html<\/a><\/p>\n\n\n\n<p class=\"has-text-align-center eplus-VPBoOk\" style=\"font-size:15px\"><a href=\"https:\/\/www.montagnes-du-jura.fr\/lacs-cascades-et-sources-dans-les-montagnes-du-jura\/les-lacs-du-jura-innombrables-et-varies\/lac-saint-point-ou-lac-de-malbuisson\/\" target=\"_blank\" rel=\"noreferrer noopener\">https:\/\/www.montagnes-du-jura.fr\/lacs-cascades-et-sources-dans-les-montagnes-du-jura\/les-lacs-du-jura-innombrables-et-varies\/lac-saint-point-ou-lac-de-malbuisson\/<\/a><\/p>\n\n\n\n<p class=\"eplus-dly6in\"><\/p>\n\n\n\n<hr class=\"wp-block-separator eplus-y57qqn\"\/>\n\n\n\n<figure class=\"wp-block-gallery columns-3 is-cropped eplus-HQvvSC has-lightbox wp-block-gallery-1 is-layout-flex wp-block-gallery-is-layout-flex\"><ul class=\"blocks-gallery-grid\"><li class=\"blocks-gallery-item\"><figure><img loading=\"lazy\" decoding=\"async\" width=\"1024\" height=\"678\" src=\"https:\/\/www.diap7.fr\/wordpress\/wp-content\/uploads\/passion-photo\/saint-point1-1024x678.jpg\" alt=\"\" data-id=\"535\" data-full-url=\"https:\/\/www.diap7.fr\/wordpress\/wp-content\/uploads\/passion-photo\/saint-point1.jpg\" data-link=\"https:\/\/www.diap7.fr\/wordpress\/?attachment_id=535\" class=\"wp-image-535\" srcset=\"https:\/\/www.diap7.fr\/wordpress\/wp-content\/uploads\/passion-photo\/saint-point1-1024x678.jpg 1024w, https:\/\/www.diap7.fr\/wordpress\/wp-content\/uploads\/passion-photo\/saint-point1-300x199.jpg 300w, https:\/\/www.diap7.fr\/wordpress\/wp-content\/uploads\/passion-photo\/saint-point1-768x509.jpg 768w, https:\/\/www.diap7.fr\/wordpress\/wp-content\/uploads\/passion-photo\/saint-point1.jpg 1359w\" sizes=\"auto, (max-width: 1024px) 100vw, 1024px\" \/><\/figure><\/li><li class=\"blocks-gallery-item\"><figure><img loading=\"lazy\" decoding=\"async\" width=\"1024\" height=\"678\" src=\"https:\/\/www.diap7.fr\/wordpress\/wp-content\/uploads\/passion-photo\/saint-point2-1024x678.jpg\" alt=\"\" data-id=\"537\" data-full-url=\"https:\/\/www.diap7.fr\/wordpress\/wp-content\/uploads\/passion-photo\/saint-point2.jpg\" data-link=\"https:\/\/www.diap7.fr\/wordpress\/?attachment_id=537\" class=\"wp-image-537\" srcset=\"https:\/\/www.diap7.fr\/wordpress\/wp-content\/uploads\/passion-photo\/saint-point2-1024x678.jpg 1024w, https:\/\/www.diap7.fr\/wordpress\/wp-content\/uploads\/passion-photo\/saint-point2-300x199.jpg 300w, https:\/\/www.diap7.fr\/wordpress\/wp-content\/uploads\/passion-photo\/saint-point2-768x509.jpg 768w, https:\/\/www.diap7.fr\/wordpress\/wp-content\/uploads\/passion-photo\/saint-point2.jpg 1359w\" sizes=\"auto, (max-width: 1024px) 100vw, 1024px\" \/><\/figure><\/li><li class=\"blocks-gallery-item\"><figure><img loading=\"lazy\" decoding=\"async\" width=\"1024\" height=\"678\" src=\"https:\/\/www.diap7.fr\/wordpress\/wp-content\/uploads\/passion-photo\/saint-point3-1024x678.jpg\" alt=\"\" data-id=\"538\" data-full-url=\"https:\/\/www.diap7.fr\/wordpress\/wp-content\/uploads\/passion-photo\/saint-point3.jpg\" data-link=\"https:\/\/www.diap7.fr\/wordpress\/?attachment_id=538\" class=\"wp-image-538\" srcset=\"https:\/\/www.diap7.fr\/wordpress\/wp-content\/uploads\/passion-photo\/saint-point3-1024x678.jpg 1024w, https:\/\/www.diap7.fr\/wordpress\/wp-content\/uploads\/passion-photo\/saint-point3-300x199.jpg 300w, https:\/\/www.diap7.fr\/wordpress\/wp-content\/uploads\/passion-photo\/saint-point3-768x509.jpg 768w, https:\/\/www.diap7.fr\/wordpress\/wp-content\/uploads\/passion-photo\/saint-point3.jpg 1359w\" sizes=\"auto, (max-width: 1024px) 100vw, 1024px\" \/><\/figure><\/li><li class=\"blocks-gallery-item\"><figure><img loading=\"lazy\" decoding=\"async\" width=\"1024\" height=\"678\" src=\"https:\/\/www.diap7.fr\/wordpress\/wp-content\/uploads\/passion-photo\/saint-point4-1024x678.jpg\" alt=\"\" data-id=\"539\" data-full-url=\"https:\/\/www.diap7.fr\/wordpress\/wp-content\/uploads\/passion-photo\/saint-point4.jpg\" data-link=\"https:\/\/www.diap7.fr\/wordpress\/?attachment_id=539\" class=\"wp-image-539\" srcset=\"https:\/\/www.diap7.fr\/wordpress\/wp-content\/uploads\/passion-photo\/saint-point4-1024x678.jpg 1024w, https:\/\/www.diap7.fr\/wordpress\/wp-content\/uploads\/passion-photo\/saint-point4-300x199.jpg 300w, https:\/\/www.diap7.fr\/wordpress\/wp-content\/uploads\/passion-photo\/saint-point4-768x509.jpg 768w, https:\/\/www.diap7.fr\/wordpress\/wp-content\/uploads\/passion-photo\/saint-point4.jpg 1359w\" sizes=\"auto, (max-width: 1024px) 100vw, 1024px\" \/><\/figure><\/li><li class=\"blocks-gallery-item\"><figure><img loading=\"lazy\" decoding=\"async\" width=\"1024\" height=\"678\" src=\"https:\/\/www.diap7.fr\/wordpress\/wp-content\/uploads\/passion-photo\/saint-point5-1024x678.jpg\" alt=\"\" data-id=\"540\" data-full-url=\"https:\/\/www.diap7.fr\/wordpress\/wp-content\/uploads\/passion-photo\/saint-point5.jpg\" data-link=\"https:\/\/www.diap7.fr\/wordpress\/?attachment_id=540\" class=\"wp-image-540\" srcset=\"https:\/\/www.diap7.fr\/wordpress\/wp-content\/uploads\/passion-photo\/saint-point5-1024x678.jpg 1024w, https:\/\/www.diap7.fr\/wordpress\/wp-content\/uploads\/passion-photo\/saint-point5-300x199.jpg 300w, https:\/\/www.diap7.fr\/wordpress\/wp-content\/uploads\/passion-photo\/saint-point5-768x509.jpg 768w, https:\/\/www.diap7.fr\/wordpress\/wp-content\/uploads\/passion-photo\/saint-point5.jpg 1359w\" sizes=\"auto, (max-width: 1024px) 100vw, 1024px\" \/><\/figure><\/li><li class=\"blocks-gallery-item\"><figure><img loading=\"lazy\" decoding=\"async\" width=\"1024\" height=\"678\" src=\"https:\/\/www.diap7.fr\/wordpress\/wp-content\/uploads\/passion-photo\/saint-point6-1024x678.jpg\" alt=\"\" data-id=\"541\" data-full-url=\"https:\/\/www.diap7.fr\/wordpress\/wp-content\/uploads\/passion-photo\/saint-point6.jpg\" data-link=\"https:\/\/www.diap7.fr\/wordpress\/?attachment_id=541\" class=\"wp-image-541\"\/><\/figure><\/li><\/ul><\/figure>\n\n\n\n<p class=\"eplus-1vTXXG\">Autour du lac Saint Point, deux sites retiennent mon attention :<\/p>\n\n\n\n<h2 class=\"eplus-n7k1dv wp-block-heading\">Port-Titi<\/h2>\n\n\n\n<div class=\"wp-block-image is-style-rounded eplus-hLjaJF\"><figure class=\"aligncenter size-large\"><img loading=\"lazy\" decoding=\"async\" width=\"550\" height=\"386\" src=\"https:\/\/www.diap7.fr\/wordpress\/wp-content\/uploads\/passion-photo\/Port-Titi.jpg\" alt=\"\" class=\"wp-image-561\" srcset=\"https:\/\/www.diap7.fr\/wordpress\/wp-content\/uploads\/passion-photo\/Port-Titi.jpg 550w, https:\/\/www.diap7.fr\/wordpress\/wp-content\/uploads\/passion-photo\/Port-Titi-300x211.jpg 300w\" sizes=\"auto, (max-width: 550px) 100vw, 550px\" \/><\/figure><\/div>\n\n\n\n<p class=\"has-text-align-center eplus-50wgvG\"><em><span style=\"color: var(--stk-global-color-65192, #008000);\" class=\"ugb-highlight\">Port-Titi sous la neige de D\u00e9cembre<\/span><\/em><\/p>\n\n\n<p class=\"has-text-align-left eplus-aXtIrd eplus-styles-uid-24b8d8\">\u00ab\u00a0C&rsquo;est un village de cabanes au ras de l&rsquo;onde. Il date de la Belle \u00c9poque. Un p\u00eacheur du dimanche, \u00abTiti\u00bb de son surnom, qui venait r\u00e9guli\u00e8rement de Pontarlier, avait eu l&rsquo;id\u00e9e lumineuse de construire ici une maisonnette pour entreposer son mat\u00e9riel et ses amis l&rsquo;avaient imit\u00e9. Les cabanes se transmettent depuis par h\u00e9ritage familial. Baptis\u00e9 Port-Titi pour la post\u00e9rit\u00e9 et photographi\u00e9 sous toutes les coutures, cet endroit charmant somnole sous la neige en p\u00e9riode d&rsquo;hibernation&#8230;.\u00a0\u00bb<\/p>\n\n\n<p class=\"has-text-align-center eplus-KecMMH\" style=\"font-size:15px\"><a rel=\"noreferrer noopener\" href=\"https:\/\/www.lefigaro.fr\/voyages\/2019\/02\/20\/30003-20190220ARTFIG00027-plein-la-vue-dans-les-neiges-du-jura.php\" data-type=\"URL\" data-id=\"https:\/\/www.lefigaro.fr\/voyages\/2019\/02\/20\/30003-20190220ARTFIG00027-plein-la-vue-dans-les-neiges-du-jura.php\" target=\"_blank\">https:\/\/www.lefigaro.fr\/voyages\/2019\/02\/20\/30003-20190220ARTFIG00027-plein-la-vue-dans-les-neiges-du-jura.php<\/a><\/p>\n\n\n\n<p class=\"has-text-align-center eplus-taueLG\" style=\"font-size:15px\"><a rel=\"noreferrer noopener\" href=\"https:\/\/www.petit-patrimoine.com\/fiche-petit-patrimoine.php?id_pp=25525_1\" target=\"_blank\">https:\/\/www.petit-patrimoine.com\/fiche-petit-patrimoine.php?id_pp=25525_1<\/a><\/p>\n\n\n\n<h2 class=\"eplus-Yehv1M wp-block-heading\">La source bleue<\/h2>\n\n\n\n<figure class=\"wp-block-gallery columns-4  eplus-ezbmdO has-lightbox wp-block-gallery-2 is-layout-flex wp-block-gallery-is-layout-flex\"><ul class=\"blocks-gallery-grid\"><li class=\"blocks-gallery-item\"><figure><img loading=\"lazy\" decoding=\"async\" width=\"1024\" height=\"678\" src=\"https:\/\/www.diap7.fr\/wordpress\/wp-content\/uploads\/passion-photo\/source_bleue1-1024x678.jpg\" alt=\"\" data-id=\"510\" data-full-url=\"https:\/\/www.diap7.fr\/wordpress\/wp-content\/uploads\/passion-photo\/source_bleue1.jpg\" data-link=\"https:\/\/www.diap7.fr\/wordpress\/?attachment_id=510\" class=\"wp-image-510\" srcset=\"https:\/\/www.diap7.fr\/wordpress\/wp-content\/uploads\/passion-photo\/source_bleue1-1024x678.jpg 1024w, https:\/\/www.diap7.fr\/wordpress\/wp-content\/uploads\/passion-photo\/source_bleue1-300x199.jpg 300w, https:\/\/www.diap7.fr\/wordpress\/wp-content\/uploads\/passion-photo\/source_bleue1-768x509.jpg 768w, https:\/\/www.diap7.fr\/wordpress\/wp-content\/uploads\/passion-photo\/source_bleue1.jpg 1359w\" sizes=\"auto, (max-width: 1024px) 100vw, 1024px\" \/><\/figure><\/li><li class=\"blocks-gallery-item\"><figure><img loading=\"lazy\" decoding=\"async\" width=\"1024\" height=\"678\" src=\"https:\/\/www.diap7.fr\/wordpress\/wp-content\/uploads\/passion-photo\/source_bleue2-1024x678.jpg\" alt=\"\" data-id=\"511\" data-full-url=\"https:\/\/www.diap7.fr\/wordpress\/wp-content\/uploads\/passion-photo\/source_bleue2.jpg\" data-link=\"https:\/\/www.diap7.fr\/wordpress\/?attachment_id=511\" class=\"wp-image-511\" srcset=\"https:\/\/www.diap7.fr\/wordpress\/wp-content\/uploads\/passion-photo\/source_bleue2-1024x678.jpg 1024w, https:\/\/www.diap7.fr\/wordpress\/wp-content\/uploads\/passion-photo\/source_bleue2-300x199.jpg 300w, https:\/\/www.diap7.fr\/wordpress\/wp-content\/uploads\/passion-photo\/source_bleue2-768x509.jpg 768w, https:\/\/www.diap7.fr\/wordpress\/wp-content\/uploads\/passion-photo\/source_bleue2.jpg 1359w\" sizes=\"auto, (max-width: 1024px) 100vw, 1024px\" \/><\/figure><\/li><li class=\"blocks-gallery-item\"><figure><img loading=\"lazy\" decoding=\"async\" width=\"1024\" height=\"678\" src=\"https:\/\/www.diap7.fr\/wordpress\/wp-content\/uploads\/passion-photo\/source_bleue3-1024x678.jpg\" alt=\"\" data-id=\"512\" data-full-url=\"https:\/\/www.diap7.fr\/wordpress\/wp-content\/uploads\/passion-photo\/source_bleue3.jpg\" data-link=\"https:\/\/www.diap7.fr\/wordpress\/?attachment_id=512\" class=\"wp-image-512\"\/><\/figure><\/li><li class=\"blocks-gallery-item\"><figure><img loading=\"lazy\" decoding=\"async\" width=\"1024\" height=\"678\" src=\"https:\/\/www.diap7.fr\/wordpress\/wp-content\/uploads\/passion-photo\/source_bleue4-1024x678.jpg\" alt=\"\" data-id=\"513\" data-full-url=\"https:\/\/www.diap7.fr\/wordpress\/wp-content\/uploads\/passion-photo\/source_bleue4.jpg\" data-link=\"https:\/\/www.diap7.fr\/wordpress\/?attachment_id=513\" class=\"wp-image-513\" srcset=\"https:\/\/www.diap7.fr\/wordpress\/wp-content\/uploads\/passion-photo\/source_bleue4-1024x678.jpg 1024w, https:\/\/www.diap7.fr\/wordpress\/wp-content\/uploads\/passion-photo\/source_bleue4-300x199.jpg 300w, https:\/\/www.diap7.fr\/wordpress\/wp-content\/uploads\/passion-photo\/source_bleue4-768x509.jpg 768w, https:\/\/www.diap7.fr\/wordpress\/wp-content\/uploads\/passion-photo\/source_bleue4.jpg 1359w\" sizes=\"auto, (max-width: 1024px) 100vw, 1024px\" \/><\/figure><\/li><li class=\"blocks-gallery-item\"><figure><img loading=\"lazy\" decoding=\"async\" width=\"1024\" height=\"678\" src=\"https:\/\/www.diap7.fr\/wordpress\/wp-content\/uploads\/passion-photo\/source_bleue6-1024x678.jpg\" alt=\"\" data-id=\"515\" data-full-url=\"https:\/\/www.diap7.fr\/wordpress\/wp-content\/uploads\/passion-photo\/source_bleue6.jpg\" data-link=\"https:\/\/www.diap7.fr\/wordpress\/?attachment_id=515\" class=\"wp-image-515\" srcset=\"https:\/\/www.diap7.fr\/wordpress\/wp-content\/uploads\/passion-photo\/source_bleue6-1024x678.jpg 1024w, https:\/\/www.diap7.fr\/wordpress\/wp-content\/uploads\/passion-photo\/source_bleue6-300x199.jpg 300w, https:\/\/www.diap7.fr\/wordpress\/wp-content\/uploads\/passion-photo\/source_bleue6-768x509.jpg 768w, https:\/\/www.diap7.fr\/wordpress\/wp-content\/uploads\/passion-photo\/source_bleue6.jpg 1359w\" sizes=\"auto, (max-width: 1024px) 100vw, 1024px\" \/><\/figure><\/li><li class=\"blocks-gallery-item\"><figure><img loading=\"lazy\" decoding=\"async\" width=\"1024\" height=\"678\" src=\"https:\/\/www.diap7.fr\/wordpress\/wp-content\/uploads\/passion-photo\/source_bleue7-1024x678.jpg\" alt=\"\" data-id=\"516\" data-full-url=\"https:\/\/www.diap7.fr\/wordpress\/wp-content\/uploads\/passion-photo\/source_bleue7.jpg\" data-link=\"https:\/\/www.diap7.fr\/wordpress\/?attachment_id=516\" class=\"wp-image-516\" srcset=\"https:\/\/www.diap7.fr\/wordpress\/wp-content\/uploads\/passion-photo\/source_bleue7-1024x678.jpg 1024w, https:\/\/www.diap7.fr\/wordpress\/wp-content\/uploads\/passion-photo\/source_bleue7-300x199.jpg 300w, https:\/\/www.diap7.fr\/wordpress\/wp-content\/uploads\/passion-photo\/source_bleue7-768x509.jpg 768w, https:\/\/www.diap7.fr\/wordpress\/wp-content\/uploads\/passion-photo\/source_bleue7.jpg 1359w\" sizes=\"auto, (max-width: 1024px) 100vw, 1024px\" \/><\/figure><\/li><li class=\"blocks-gallery-item\"><figure><img loading=\"lazy\" decoding=\"async\" width=\"1024\" height=\"678\" src=\"https:\/\/www.diap7.fr\/wordpress\/wp-content\/uploads\/passion-photo\/source_bleue8-1024x678.jpg\" alt=\"\" data-id=\"517\" data-full-url=\"https:\/\/www.diap7.fr\/wordpress\/wp-content\/uploads\/passion-photo\/source_bleue8.jpg\" data-link=\"https:\/\/www.diap7.fr\/wordpress\/?attachment_id=517\" class=\"wp-image-517\" srcset=\"https:\/\/www.diap7.fr\/wordpress\/wp-content\/uploads\/passion-photo\/source_bleue8-1024x678.jpg 1024w, https:\/\/www.diap7.fr\/wordpress\/wp-content\/uploads\/passion-photo\/source_bleue8-300x199.jpg 300w, https:\/\/www.diap7.fr\/wordpress\/wp-content\/uploads\/passion-photo\/source_bleue8-768x509.jpg 768w, https:\/\/www.diap7.fr\/wordpress\/wp-content\/uploads\/passion-photo\/source_bleue8.jpg 1359w\" sizes=\"auto, (max-width: 1024px) 100vw, 1024px\" \/><\/figure><\/li><\/ul><\/figure>\n\n\n<p class=\"eplus-pxqunL eplus-styles-uid-24b8d8\">Cette source du sud de\u00a0<a href=\"https:\/\/fr.wikipedia.org\/wiki\/Pontarlier\" target=\"_blank\" rel=\"noreferrer noopener\">Pontarlier<\/a>\u00a0est proche du\u00a0<a href=\"https:\/\/fr.wikipedia.org\/wiki\/Lac_de_Saint-Point\" target=\"_blank\" rel=\"noreferrer noopener\">lac de Saint-Point<\/a>, dans lequel elle se jette\u00a0(un des plus grands lacs naturels de France). Le lac est travers\u00e9 par le\u00a0<a href=\"https:\/\/fr.wikipedia.org\/wiki\/Doubs_(rivi%C3%A8re)\" target=\"_blank\" rel=\"noreferrer noopener\">Doubs<\/a>. Un parcours de\u00a0randonn\u00e9e p\u00e9destre\u00a0\u00ab\u00a0<em>randonn\u00e9e\u00a0n<sup>o<\/sup>\u00a021 La Source Bleue<\/em>\u00a0\u00bb longe la source, la cascade, la rivi\u00e8re et quelques\u00a0<a href=\"https:\/\/fr.wikipedia.org\/wiki\/Gour\">g<\/a><a href=\"https:\/\/fr.wikipedia.org\/wiki\/Gour\" target=\"_blank\" rel=\"noreferrer noopener\">o<\/a><a href=\"https:\/\/fr.wikipedia.org\/wiki\/Gour\">urs<\/a>\u00a0qui d\u00e9limitent les communes de\u00a0<a href=\"https:\/\/fr.wikipedia.org\/wiki\/Malbuisson\" target=\"_blank\" rel=\"noreferrer noopener\">Malbuisson<\/a>\u00a0et de\u00a0<a href=\"https:\/\/fr.wikipedia.org\/wiki\/Montperreux\" target=\"_blank\" rel=\"noreferrer noopener\">Montperreux<\/a>, en milieu forestier. La rivi\u00e8re alimentait une ancienne\u00a0scierie, \u00e0 ce jour en ruine.<\/p>\n\n\n<div class=\"wp-block-advgb-accordions advgb-accordion-wrapper\"><\/div>\n\n\n\n<p class=\"eplus-mQMtVW\"><\/p>\n\n\n\n<div class=\"wp-block-coblocks-accordion\">\n<div class=\"wp-block-coblocks-accordion-item\"><\/div>\n<\/div>\n\n\n\n<div class=\"wp-block-media-text alignwide is-stacked-on-mobile is-vertically-aligned-bottom is-style-outline eplus-5er1Mp\" style=\"grid-template-columns:44% auto\"><figure class=\"wp-block-media-text__media\"><img loading=\"lazy\" decoding=\"async\" width=\"1024\" height=\"678\" src=\"https:\/\/www.diap7.fr\/wordpress\/wp-content\/uploads\/passion-photo\/source-_bleue9-1024x678.jpg\" alt=\"\" class=\"wp-image-547 size-full\"\/><\/figure><div class=\"wp-block-media-text__content\">\n<p class=\"eplus-2Ku2bk has-large-font-size\" style=\"font-size:18px\">La cascade au niveau l&rsquo;ancienne scierie<\/p>\n<\/div><\/div>\n\n\n\n<p class=\"eplus-DP3w6J\"><\/p>\n","protected":false},"excerpt":{"rendered":"<p>Les cartes&nbsp;Passion-D\u00e9couvertes&nbsp;vous feront voyager \u00e0 la d\u00e9couverte des curiosit\u00e9s touristiques de nos magnifiques r\u00e9gions.&nbsp;il s&rsquo;agit de vous faire d\u00e9couvrir un site et ses environs proches, sans oublier certains lieux insolites.Aujourd&rsquo;hui, mon choix se porte sur un lieu du Haut Doubs : le lac Saint Point \u00ab\u00a0Le lac de Saint Point [&hellip;]<\/p>\n","protected":false},"author":1,"featured_media":793,"parent":5,"menu_order":9,"comment_status":"closed","ping_status":"closed","template":"page-templates\/template-fullwidth.php","meta":{"_coblocks_attr":"Arial,Arial","_coblocks_dimensions":"","_coblocks_responsive_height":"","_coblocks_accordion_ie_support":"","editor_plus_copied_stylings":"{}","_themeisle_gutenberg_block_has_review":false,"footnotes":""},"class_list":["post-483","page","type-page","status-publish","has-post-thumbnail","hentry"],"featured_image_urls_v2":{"full":["https:\/\/www.diap7.fr\/wordpress\/wp-content\/uploads\/entete\/prem1.jpg",1900,450,false],"thumbnail":["https:\/\/www.diap7.fr\/wordpress\/wp-content\/uploads\/entete\/prem1-150x150.jpg",150,150,true],"medium":["https:\/\/www.diap7.fr\/wordpress\/wp-content\/uploads\/entete\/prem1-300x71.jpg",300,71,true],"medium_large":["https:\/\/www.diap7.fr\/wordpress\/wp-content\/uploads\/entete\/prem1-768x182.jpg",750,178,true],"large":["https:\/\/www.diap7.fr\/wordpress\/wp-content\/uploads\/entete\/prem1-1024x243.jpg",750,178,true],"1536x1536":["https:\/\/www.diap7.fr\/wordpress\/wp-content\/uploads\/entete\/prem1-1536x364.jpg",1536,364,true],"2048x2048":["https:\/\/www.diap7.fr\/wordpress\/wp-content\/uploads\/entete\/prem1.jpg",1900,450,false],"hestia-blog":["https:\/\/www.diap7.fr\/wordpress\/wp-content\/uploads\/entete\/prem1-360x240.jpg",360,240,true]},"post_excerpt_stackable_v2":"<p>Les cartes&nbsp;Passion-D\u00e9couvertes&nbsp;vous feront voyager \u00e0 la d\u00e9couverte des curiosit\u00e9s touristiques de nos magnifiques r\u00e9gions.&nbsp;il s&rsquo;agit de vous faire d\u00e9couvrir un site et ses environs proches, sans oublier certains lieux insolites.Aujourd&rsquo;hui, mon choix se porte sur un lieu du Haut Doubs : le lac Saint Point \u00ab\u00a0Le lac de Saint Point et son voisin le Lac de Remoray occupent la vall\u00e9e des 2 Lacs. Les 2 lacs sont s\u00e9par\u00e9s par une zone de marais, \u00e0 travers laquelle coule le Doubs qui alimente le Lac Saint Point. Lors du retrait du dernier glacier jurassien, il y a un peu moins de 20\u2026<\/p>\n","category_list_v2":"","author_info_v2":{"name":"Georges7","url":"https:\/\/www.diap7.fr\/wordpress\/author\/georges7\/"},"comments_num_v2":"0 commentaire","featured_image_src":"https:\/\/www.diap7.fr\/wordpress\/wp-content\/uploads\/entete\/prem1.jpg","_links":{"self":[{"href":"https:\/\/www.diap7.fr\/wordpress\/wp-json\/wp\/v2\/pages\/483","targetHints":{"allow":["GET"]}}],"collection":[{"href":"https:\/\/www.diap7.fr\/wordpress\/wp-json\/wp\/v2\/pages"}],"about":[{"href":"https:\/\/www.diap7.fr\/wordpress\/wp-json\/wp\/v2\/types\/page"}],"author":[{"embeddable":true,"href":"https:\/\/www.diap7.fr\/wordpress\/wp-json\/wp\/v2\/users\/1"}],"replies":[{"embeddable":true,"href":"https:\/\/www.diap7.fr\/wordpress\/wp-json\/wp\/v2\/comments?post=483"}],"version-history":[{"count":1,"href":"https:\/\/www.diap7.fr\/wordpress\/wp-json\/wp\/v2\/pages\/483\/revisions"}],"predecessor-version":[{"id":3103,"href":"https:\/\/www.diap7.fr\/wordpress\/wp-json\/wp\/v2\/pages\/483\/revisions\/3103"}],"up":[{"embeddable":true,"href":"https:\/\/www.diap7.fr\/wordpress\/wp-json\/wp\/v2\/pages\/5"}],"wp:featuredmedia":[{"embeddable":true,"href":"https:\/\/www.diap7.fr\/wordpress\/wp-json\/wp\/v2\/media\/793"}],"wp:attachment":[{"href":"https:\/\/www.diap7.fr\/wordpress\/wp-json\/wp\/v2\/media?parent=483"}],"curies":[{"name":"wp","href":"https:\/\/api.w.org\/{rel}","templated":true}]}}