{"id":5,"date":"2021-01-10T14:28:24","date_gmt":"2021-01-10T13:28:24","guid":{"rendered":"http:\/\/www.diap7.fr\/wordpress\/?page_id=5"},"modified":"2025-11-26T09:43:09","modified_gmt":"2025-11-26T08:43:09","slug":"passion-photo","status":"publish","type":"page","link":"https:\/\/www.diap7.fr\/wordpress\/passion-photo\/","title":{"rendered":"Passion-Photo"},"content":{"rendered":"\n<h3 class=\"eplus-goUhEn wp-block-heading has-text-align-center eplus-wrapper\"><span style=\"color: var(--stk-global-color-97462, #2e84b7);\" class=\"ugb-highlight\">Les deux  derniers num\u00e9ros : \u00ab\u00a0En terres de volcans &#8230;\u00a0\u00bb<\/span><\/h3>\n\n\n\n<hr class=\"eplus-u9Z9cG wp-block-separator has-css-opacity eplus-wrapper\"\/>\n\n\n<style>.wp-block-kadence-advancedgallery .kb-gallery-type-masonry.kb-gallery-id-5_dd2f30-69{margin:-21px;}.kb-gallery-type-masonry.kb-gallery-id-5_dd2f30-69 .kadence-blocks-gallery-item{padding:21px;}.kb-gallery-id-5_dd2f30-69 .kadence-blocks-gallery-item .kb-gal-image-radius, .kb-gallery-id-5_dd2f30-69 .kb-slide-item .kb-gal-image-radius img{border-radius:0px 0px 0px 0px;;}.kb-gallery-id-5_dd2f30-69 .kadence-blocks-gallery-item .kadence-blocks-gallery-item-inner .kadence-blocks-gallery-item__caption{font-size:var(--global-kb-font-size-md, 1.25rem);font-family:Arial, Helvetica, sans-serif;color:#000000;}.kb-gallery-caption-style-cover-hover.kb-gallery-id-5_dd2f30-69 .kadence-blocks-gallery-item .kadence-blocks-gallery-item-inner .kadence-blocks-gallery-item__caption, .kb-gallery-caption-style-below.kb-gallery-id-5_dd2f30-69 .kadence-blocks-gallery-item .kadence-blocks-gallery-item-inner .kadence-blocks-gallery-item__caption{background:#ffffff;}<\/style><div class=\"kb-gallery-wrap-id-5_dd2f30-69 alignnone wp-block-kadence-advancedgallery\"><ul class=\"kb-gallery-ul kb-gallery-non-static kb-gallery-type-masonry kb-masonry-init kb-mobile-force-hover kb-gallery-id-5_dd2f30-69 kb-gallery-caption-style-below kb-gallery-filter-none\" data-image-filter=\"none\" data-item-selector=\".kadence-blocks-gallery-item\" data-lightbox-caption=\"true\" data-columns-xxl=\"2\" data-columns-xl=\"2\" data-columns-md=\"2\" data-columns-sm=\"2\" data-columns-xs=\"1\" data-columns-ss=\"1\"><li class=\"kadence-blocks-gallery-item\"><div class=\"kadence-blocks-gallery-item-inner\"><figure class=\"kb-gallery-figure kadence-blocks-gallery-item-has-caption\" style=\"max-width:1024px;\"><div class=\"kb-gal-image-radius\" style=\"max-width:1024px;\"><div class=\"kb-gallery-image-contain kadence-blocks-gallery-intrinsic\" style=\"padding-bottom:66%;\"><img loading=\"lazy\" decoding=\"async\" src=\"https:\/\/www.diap7.fr\/wordpress\/wp-content\/uploads\/2024\/01\/IMGP4388-1024x681.jpg\" width=\"1024\" height=\"681\" alt=\"\" data-full-image=\"https:\/\/www.diap7.fr\/wordpress\/wp-content\/uploads\/2024\/01\/IMGP4388.jpg\" data-light-image=\"https:\/\/www.diap7.fr\/wordpress\/wp-content\/uploads\/2024\/01\/IMGP4388.jpg\" data-id=\"2921\" class=\"wp-image-2921\"\/><\/div><\/div><figcaption class=\"kadence-blocks-gallery-item__caption\"><span style=\"color: #000000\" class=\"stk-highlight\">Fin Septembre 2024 nous \u00e9tions en vill\u00e9giature \u00e0 La Bourboule<\/span><\/figcaption><\/figure><\/div><\/li><li class=\"kadence-blocks-gallery-item\"><div class=\"kadence-blocks-gallery-item-inner\"><figure class=\"kb-gallery-figure kadence-blocks-gallery-item-has-caption\" style=\"max-width:750px;\"><div class=\"kb-gal-image-radius\" style=\"max-width:750px;\"><div class=\"kb-gallery-image-contain kadence-blocks-gallery-intrinsic\" style=\"padding-bottom:66%;\"><img loading=\"lazy\" decoding=\"async\" src=\"https:\/\/www.diap7.fr\/wordpress\/wp-content\/uploads\/boulogne\/IMGP4419-1024x681.jpg\" width=\"750\" height=\"499\" alt=\"\" data-full-image=\"https:\/\/www.diap7.fr\/wordpress\/wp-content\/uploads\/boulogne\/IMGP4419.jpg\" data-light-image=\"https:\/\/www.diap7.fr\/wordpress\/wp-content\/uploads\/boulogne\/IMGP4419.jpg\" data-id=\"2911\" class=\"wp-image-2911\" srcset=\"https:\/\/www.diap7.fr\/wordpress\/wp-content\/uploads\/boulogne\/IMGP4419-1024x681.jpg 1024w, https:\/\/www.diap7.fr\/wordpress\/wp-content\/uploads\/boulogne\/IMGP4419-300x200.jpg 300w, https:\/\/www.diap7.fr\/wordpress\/wp-content\/uploads\/boulogne\/IMGP4419-768x511.jpg 768w, https:\/\/www.diap7.fr\/wordpress\/wp-content\/uploads\/boulogne\/IMGP4419-360x240.jpg 360w, https:\/\/www.diap7.fr\/wordpress\/wp-content\/uploads\/boulogne\/IMGP4419.jpg 1299w\" sizes=\"auto, (max-width: 750px) 100vw, 750px\" \/><\/div><\/div><figcaption class=\"kadence-blocks-gallery-item__caption\">Avril 2025 <br>L&rsquo;\u00eele de Lanzarote<\/figcaption><\/figure><\/div><\/li><\/ul><\/div>\n\n\n<h3 class=\"eplus-sV1R7G wp-block-heading eplus-wrapper\"><span style=\"color: var(--stk-global-color-97462, #2e84b7);\" class=\"ugb-highlight\">Les num\u00e9ros pr\u00e9c\u00e9dents<\/span><\/h3>\n\n\n\n<figure class=\"wp-block-gallery columns-5 is-cropped eplus-Ix8Kh9\" >\n<ul class=\"blocks-gallery-grid\" >\n<li class=\"blocks-gallery-item\" >\n<figure>\n<a href=\"\/wordpress\/?page_id=2827\" >\n<img decoding=\"async\" src=\"\/wordpress\/wp-content\/uploads\/bretagne\/bretagne0.jpg\"  >\n <figcaption class=\"blocks-gallery-item__caption\" >Saint\u2013Cast-le Guildo<\/figcaption>\n <\/img>\n <\/a>\n <\/figure>\n <\/li>\n<li class=\"blocks-gallery-item\" >\n<figure>\n<a href=\"\/wordpress\/?page_id=483\" >\n<img decoding=\"async\" src=\"\/wordpress\/wp-content\/uploads\/passion-photo\/Port-Titi.jpg\"  >\n <figcaption class=\"blocks-gallery-item__caption\" >Le lac de Saint Point<\/figcaption>\n <\/img>\n <\/a>\n <\/figure>\n <\/li>\n<li class=\"blocks-gallery-item\" >\n<figure>\n<a href=\"\/wordpress\/?page_id=767\" >\n<img decoding=\"async\" src=\"\/wordpress\/wp-content\/uploads\/passion-photo\/framboise.jpg\" alt=\"\"  >\n <figcaption class=\"blocks-gallery-item__caption\" >La macro-photographie<\/figcaption>\n <\/img>\n <\/a>\n <\/figure>\n <\/li>\n<li class=\"blocks-gallery-item\" >\n<figure>\n<a href=\"\/wordpress\/?page_id=24\" >\n<img decoding=\"async\" src=\"\/wordpress\/wp-content\/uploads\/passion-photo\/numero-10.jpg\" alt=\"\" >\n <figcaption class=\"blocks-gallery-item__caption\" >H\u00e9lios au rendez vous des photographes<\/figcaption>\n <\/img>\n <\/a>\n <\/figure>\n <\/li>\n<li class=\"blocks-gallery-item\" >\n<figure>\n<a href=\"\/wordpress\/?page_id=772\" >\n<img decoding=\"async\" src=\"\/wordpress\/wp-content\/uploads\/passion-photo\/numero-9.jpg\" alt=\"\"  >\n <figcaption class=\"blocks-gallery-item__caption\" >Le printemps et ses fleurs<\/figcaption>\n <\/img>\n <\/a>\n <\/figure>\n <\/li>\n<li class=\"blocks-gallery-item\" >\n<figure>\n<a href=\"\/wordpress\/?page_id=1165\" >\n<img decoding=\"async\" src=\"\/wordpress\/wp-content\/uploads\/passion-photo\/numero-8.jpg\" alt=\"\" data-id=\"13\"  >\n <figcaption class=\"blocks-gallery-item__caption\" >Paysages d&rsquo;hiver et de neige<\/figcaption>\n <\/img>\n <\/a>\n <\/figure>\n <\/li>\n<li class=\"blocks-gallery-item\" >\n<figure>\n<a href=\"\/wordpress\/?page_id=2411\" >\n<img decoding=\"async\" src=\"\/wordpress\/wp-content\/uploads\/passion-photo\/mers13-1024x681.jpg\" alt=\"\" >\n <figcaption class=\"blocks-gallery-item__caption\" >La lumi\u00e8re est le langage de la photographie <\/figcaption>\n <\/img>\n <\/a>\n <\/figure>\n <\/li>\n<li class=\"blocks-gallery-item\" >\n<figure>\n<a href=\"\/wordpress\/?page_id=1206\" >\n<img decoding=\"async\" src=\"\/wordpress\/wp-content\/uploads\/passion-photo\/numero-6.jpg\" alt=\"\"  >\n <figcaption class=\"blocks-gallery-item__caption\" >R\u00e9ussir ses photos du temps des F\u00eates<\/figcaption>\n <\/img>\n <\/a>\n <\/figure>\n <\/li>\n<li class=\"blocks-gallery-item\" >\n<figure>\n<a href=\"\/wordpress\/?page_id=1215\" >\n<img decoding=\"async\" src=\"\/wordpress\/wp-content\/uploads\/passion-photo\/numero-4.jpeg\" alt=\"\" >\n <figcaption class=\"blocks-gallery-item__caption\" >Passion-Rando et Passion-Photo<\/figcaption>\n <\/img>\n <\/a>\n <\/figure>\n <\/li>\n<li class=\"blocks-gallery-item\" >\n<figure>\n<a href=\"\/wordpress\/?page_id=399\" >\n<img decoding=\"async\" src=\"\/wordpress\/wp-content\/uploads\/passion-photo\/numero-1.jpg\" alt=\"\" >\n <figcaption class=\"blocks-gallery-item__caption\" >Entre technique et regard<\/figcaption>\n <\/img>\n <\/a>\n <\/figure>\n <\/li>\n <\/ul>\n <\/figure>\n\n\n\n\n","protected":false},"excerpt":{"rendered":"<p>Les deux derniers num\u00e9ros : \u00ab\u00a0En terres de volcans &#8230;\u00a0\u00bb Les num\u00e9ros pr\u00e9c\u00e9dents Saint\u2013Cast-le Guildo Le lac de Saint Point La macro-photographie H\u00e9lios au rendez vous des photographes Le printemps et ses fleurs Paysages d&rsquo;hiver et de neige La lumi\u00e8re est le langage de la photographie R\u00e9ussir ses photos du [&hellip;]<\/p>\n","protected":false},"author":1,"featured_media":793,"parent":0,"menu_order":9,"comment_status":"closed","ping_status":"closed","template":"page-templates\/template-fullwidth.php","meta":{"_coblocks_attr":"","_coblocks_dimensions":"","_coblocks_responsive_height":"","_coblocks_accordion_ie_support":"","editor_plus_copied_stylings":"{}","_themeisle_gutenberg_block_has_review":false,"footnotes":""},"class_list":["post-5","page","type-page","status-publish","has-post-thumbnail","hentry"],"featured_image_urls_v2":{"full":["https:\/\/www.diap7.fr\/wordpress\/wp-content\/uploads\/entete\/prem1.jpg",1900,450,false],"thumbnail":["https:\/\/www.diap7.fr\/wordpress\/wp-content\/uploads\/entete\/prem1-150x150.jpg",150,150,true],"medium":["https:\/\/www.diap7.fr\/wordpress\/wp-content\/uploads\/entete\/prem1-300x71.jpg",300,71,true],"medium_large":["https:\/\/www.diap7.fr\/wordpress\/wp-content\/uploads\/entete\/prem1-768x182.jpg",750,178,true],"large":["https:\/\/www.diap7.fr\/wordpress\/wp-content\/uploads\/entete\/prem1-1024x243.jpg",750,178,true],"1536x1536":["https:\/\/www.diap7.fr\/wordpress\/wp-content\/uploads\/entete\/prem1-1536x364.jpg",1536,364,true],"2048x2048":["https:\/\/www.diap7.fr\/wordpress\/wp-content\/uploads\/entete\/prem1.jpg",1900,450,false],"hestia-blog":["https:\/\/www.diap7.fr\/wordpress\/wp-content\/uploads\/entete\/prem1-360x240.jpg",360,240,true]},"post_excerpt_stackable_v2":"<p>Les deux derniers num\u00e9ros : \u00ab\u00a0En terres de volcans &#8230;\u00a0\u00bb Fin Septembre 2024 nous \u00e9tions en vill\u00e9giature \u00e0 La BourbouleAvril 2025 L&rsquo;\u00eele de Lanzarote Les num\u00e9ros pr\u00e9c\u00e9dents Saint\u2013Cast-le Guildo Le lac de Saint Point La macro-photographie H\u00e9lios au rendez vous des photographes Le printemps et ses fleurs Paysages d&rsquo;hiver et de neige La lumi\u00e8re est le langage de la photographie R\u00e9ussir ses photos du temps des F\u00eates Passion-Rando et Passion-Photo Entre technique et regard<\/p>\n","category_list_v2":"","author_info_v2":{"name":"Georges7","url":"https:\/\/www.diap7.fr\/wordpress\/author\/georges7\/"},"comments_num_v2":"0 commentaire","featured_image_src":"https:\/\/www.diap7.fr\/wordpress\/wp-content\/uploads\/entete\/prem1.jpg","_links":{"self":[{"href":"https:\/\/www.diap7.fr\/wordpress\/wp-json\/wp\/v2\/pages\/5","targetHints":{"allow":["GET"]}}],"collection":[{"href":"https:\/\/www.diap7.fr\/wordpress\/wp-json\/wp\/v2\/pages"}],"about":[{"href":"https:\/\/www.diap7.fr\/wordpress\/wp-json\/wp\/v2\/types\/page"}],"author":[{"embeddable":true,"href":"https:\/\/www.diap7.fr\/wordpress\/wp-json\/wp\/v2\/users\/1"}],"replies":[{"embeddable":true,"href":"https:\/\/www.diap7.fr\/wordpress\/wp-json\/wp\/v2\/comments?post=5"}],"version-history":[{"count":27,"href":"https:\/\/www.diap7.fr\/wordpress\/wp-json\/wp\/v2\/pages\/5\/revisions"}],"predecessor-version":[{"id":3174,"href":"https:\/\/www.diap7.fr\/wordpress\/wp-json\/wp\/v2\/pages\/5\/revisions\/3174"}],"wp:featuredmedia":[{"embeddable":true,"href":"https:\/\/www.diap7.fr\/wordpress\/wp-json\/wp\/v2\/media\/793"}],"wp:attachment":[{"href":"https:\/\/www.diap7.fr\/wordpress\/wp-json\/wp\/v2\/media?parent=5"}],"curies":[{"name":"wp","href":"https:\/\/api.w.org\/{rel}","templated":true}]}}